{"id":2081,"date":"2022-05-24T08:46:11","date_gmt":"2022-05-24T08:46:11","guid":{"rendered":"https:\/\/triviumprocura.cloutions.com\/expediente-virtual\/"},"modified":"2026-03-09T09:37:34","modified_gmt":"2026-03-09T09:37:34","slug":"expedient-virtual","status":"publish","type":"page","link":"https:\/\/triviumprocura.com\/ca\/expedient-virtual\/","title":{"rendered":"Expedient Virtual"},"content":{"rendered":"\n<style type=\"text\/css\" data-created_by=\"avia_inline_auto\" id=\"style-css-av-f38cvd-1577a61e718220582d3eb1a11209c28a\">\n.avia-section.av-f38cvd-1577a61e718220582d3eb1a11209c28a{\nbackground-color:#878686;\nbackground:linear-gradient( to right, #878686, #009fe3 );\n}\n<\/style>\n<div id='av_section_1'  class='avia-section av-f38cvd-1577a61e718220582d3eb1a11209c28a main_color avia-section-default avia-no-border-styling  avia-builder-el-0  el_before_av_layout_row  avia-builder-el-first  avia-bg-style-scroll container_wrap sidebar_right'  ><div class='container av-section-cont-open' ><main  role=\"main\" itemprop=\"mainContentOfPage\"  class='template-page content  av-content-small alpha units'><div class='post-entry post-entry-type-page post-entry-2081'><div class='entry-content-wrapper clearfix'>\n<div  class='flex_column av-1e6ve1-85be3c192846315f5a08ed3fb112d8bb av_one_full  avia-builder-el-1  avia-builder-el-no-sibling  first flex_column_div  '     ><style type=\"text\/css\" data-created_by=\"avia_inline_auto\" id=\"style-css-av-l3jwnlil-15f5bedacc5422416bff986112cc3f49\">\n#top .av_textblock_section.av-l3jwnlil-15f5bedacc5422416bff986112cc3f49 .avia_textblock{\ncolor:#ffffff;\n}\n<\/style>\n<section  class='av_textblock_section av-l3jwnlil-15f5bedacc5422416bff986112cc3f49 '   itemscope=\"itemscope\" itemtype=\"https:\/\/schema.org\/CreativeWork\" ><div class='avia_textblock av_inherit_color'  itemprop=\"text\" ><h2 style=\"text-align: center; font-weight: 400;\">EXPEDIENT VIRTUAL<\/h2>\n<\/div><\/section><\/div>\n\n<\/div><\/div><\/main><!-- close content main element --><\/div><\/div><div id='av-layout-grid-1'  class='av-layout-grid-container av-d5vkm1-4f21d985c6af647a945d03bdc4127536 entry-content-wrapper main_color av-flex-cells  avia-builder-el-3  el_after_av_section  avia-builder-el-last  grid-row-not-first  container_wrap sidebar_right'  >\n\n<style type=\"text\/css\" data-created_by=\"avia_inline_auto\" id=\"style-css-av-l3jwvico-a45e4319d0cf9683de5a05468a6d297f\">\n.flex_cell.av-l3jwvico-a45e4319d0cf9683de5a05468a6d297f{\nvertical-align:middle;\n}\n<\/style>\n<div class='flex_cell av-l3jwvico-a45e4319d0cf9683de5a05468a6d297f av-gridrow-cell av_three_fifth no_margin  avia-builder-el-4  el_before_av_cell_two_fifth  avia-builder-el-first  content-align-middle'  ><div class='flex_cell_inner'><p>\n<style type=\"text\/css\" data-created_by=\"avia_inline_auto\" id=\"style-css-av-aqts95-faf5873f78928576980e8761e98577b6\">\n#top .hr.hr-invisible.av-aqts95-faf5873f78928576980e8761e98577b6{\nheight:20px;\n}\n<\/style>\n<div  class='hr av-aqts95-faf5873f78928576980e8761e98577b6 hr-invisible  avia-builder-el-5  el_before_av_one_full  avia-builder-el-first '><span class='hr-inner '><span class=\"hr-inner-style\"><\/span><\/span><\/div><br \/>\n<div  class='flex_column av-9f8e5l-adb53f8d698275be6c7bac8afa8d82bd av_one_full  avia-builder-el-6  el_after_av_hr  el_before_av_hr  first flex_column_div  '     ><style type=\"text\/css\" data-created_by=\"avia_inline_auto\" id=\"style-css-av-7j8h5l-68895308ffde00bc67125abd08bdff91\">\n#top .av_textblock_section.av-7j8h5l-68895308ffde00bc67125abd08bdff91 .avia_textblock{\nfont-size:16px;\n}\n<\/style>\n<section  class='av_textblock_section av-7j8h5l-68895308ffde00bc67125abd08bdff91 '   itemscope=\"itemscope\" itemtype=\"https:\/\/schema.org\/CreativeWork\" ><div class='avia_textblock'  itemprop=\"text\" ><p style=\"text-align: center;\">Des d&#8217;aquesta aplicaci\u00f3 els usuaris registrats poden accedir al seguiment complet de tots els seus expedients.<br \/>\nD&#8217;una forma senzilla es pot visionar l&#8217;historial del procediment i obtenir c\u00f2pia de totes les resolucions judicials<br \/>\ndictades i de tots els escrits presentats.<\/p>\n<\/div><\/section><br \/>\n\n<style type=\"text\/css\" data-created_by=\"avia_inline_auto\" id=\"style-css-av-5xraex-25910e5e8412a27ff1134717d7677c89\">\n#top .hr.hr-invisible.av-5xraex-25910e5e8412a27ff1134717d7677c89{\nheight:20px;\n}\n<\/style>\n<div  class='hr av-5xraex-25910e5e8412a27ff1134717d7677c89 hr-invisible  avia-builder-el-8  el_after_av_textblock  el_before_av_button '><span class='hr-inner '><span class=\"hr-inner-style\"><\/span><\/span><\/div><br \/>\n<div  class='avia-button-wrap av-l3jwprjd-85efcb928d18292154d0213f52ccced3-wrap avia-button-center  avia-builder-el-9  el_after_av_hr  avia-builder-el-last '><a href='https:\/\/colaboradores.pfslegal.es\/'  class='avia-button av-l3jwprjd-85efcb928d18292154d0213f52ccced3 av-link-btn avia-icon_select-no avia-size-x-large avia-position-center avia-color-theme-color'  target=\"_blank\"  rel=\"noopener noreferrer\"  aria-label=\"ENTRAR\"><span class='avia_iconbox_title' >ENTRAR<\/span><\/a><\/div><\/p><\/div>\n<style type=\"text\/css\" data-created_by=\"avia_inline_auto\" id=\"style-css-av-4j0q8p-dfc44076ed862a505951c1f6250efb4b\">\n#top .hr.hr-invisible.av-4j0q8p-dfc44076ed862a505951c1f6250efb4b{\nheight:20px;\n}\n<\/style>\n<div  class='hr av-4j0q8p-dfc44076ed862a505951c1f6250efb4b hr-invisible  avia-builder-el-10  el_after_av_one_full  avia-builder-el-last '><span class='hr-inner '><span class=\"hr-inner-style\"><\/span><\/span><\/div><\/p>\n<\/div><\/div>\n<style type=\"text\/css\" data-created_by=\"avia_inline_auto\" id=\"style-css-av-l3jwvm1h-9be83221b7e09a78c835fe9cd4fc4571\">\n.flex_cell.av-l3jwvm1h-9be83221b7e09a78c835fe9cd4fc4571{\nvertical-align:middle;\n}\n<\/style>\n<div class='flex_cell av-l3jwvm1h-9be83221b7e09a78c835fe9cd4fc4571 av-gridrow-cell av_two_fifth no_margin  avia-builder-el-11  el_after_av_cell_three_fifth  avia-builder-el-last  content-align-middle'  ><div class='flex_cell_inner'><p>\n<style type=\"text\/css\" data-created_by=\"avia_inline_auto\" id=\"style-css-av-l3jwq6ul-4cffe716f9b9abc5f4606925c5f45004\">\n#top .hr.hr-invisible.av-l3jwq6ul-4cffe716f9b9abc5f4606925c5f45004{\nheight:20px;\n}\n<\/style>\n<div  class='hr av-l3jwq6ul-4cffe716f9b9abc5f4606925c5f45004 hr-invisible  avia-builder-el-12  el_before_av_one_full  avia-builder-el-first '><span class='hr-inner '><span class=\"hr-inner-style\"><\/span><\/span><\/div><br \/>\n\n<style type=\"text\/css\" data-created_by=\"avia_inline_auto\" id=\"style-css-av-l3jws1aj-0aed5debb37a99c1b1a3380e5b1f2935\">\n.flex_column.av-l3jws1aj-0aed5debb37a99c1b1a3380e5b1f2935{\nborder-radius:20px 20px 20px 20px;\npadding:40px 40px 40px 40px;\nbackground-color:#878686;\nbackground:linear-gradient( to bottom right, #878686, #009fe3 );\n}\n<\/style>\n<div  class='flex_column av-l3jws1aj-0aed5debb37a99c1b1a3380e5b1f2935 av_one_full  avia-builder-el-13  el_after_av_hr  el_before_av_hr  first flex_column_div avia-link-column av-column-link  '    data-link-column-url=\"\/contactar-procurador\/?dest-1=notifica&#038;dest-2=triviumprocura&#038;dest-3=com\"   ><a class=\"av-screen-reader-only\" href=\/contactar-procurador\/?dest-1=notifica&#038;dest-2=triviumprocura&#038;dest-3=com >Follow a manual added link<\/a><style type=\"text\/css\" data-created_by=\"avia_inline_auto\" id=\"style-css-av-l3jwo8u6-618fb33e52fddf99bf0941eaff1d32f8\">\n#top .av_textblock_section.av-l3jwo8u6-618fb33e52fddf99bf0941eaff1d32f8 .avia_textblock{\ncolor:#ffffff;\n}\n<\/style>\n<section  class='av_textblock_section av-l3jwo8u6-618fb33e52fddf99bf0941eaff1d32f8 '   itemscope=\"itemscope\" itemtype=\"https:\/\/schema.org\/CreativeWork\" ><div class='avia_textblock av_inherit_color'  itemprop=\"text\" ><h3 align=\"center\">Usuaris no registrats<\/h3>\n<p style=\"text-align: center;\"><span class=\"text11blanc\">Si vost\u00e8 est\u00e0 interessat en obtenir la clau indispensable per poder accedir a aquesta aplicaci\u00f3, pot sol\u00b7licitar-la en qualsevol dels despatxos que formen part del grup Trivium Procura.<\/span><img loading=\"lazy\" decoding=\"async\" src=\"http:\/\/www.triviumprocura.com\/img\/pixel.gif\" width=\"1\" height=\"7\" border=\"0\" \/><\/p>\n<h5 align=\"center\"><span class=\"text18blanc\"><strong>notifica@triviumprocura.com<\/strong><\/span><\/h5>\n<\/div><\/section><\/div>\n<style type=\"text\/css\" data-created_by=\"avia_inline_auto\" id=\"style-css-av-2oitop-9afc51819af6965e2438a15fb8957b3d\">\n#top .hr.hr-invisible.av-2oitop-9afc51819af6965e2438a15fb8957b3d{\nheight:20px;\n}\n<\/style>\n<div  class='hr av-2oitop-9afc51819af6965e2438a15fb8957b3d hr-invisible  avia-builder-el-15  el_after_av_one_full  avia-builder-el-last '><span class='hr-inner '><span class=\"hr-inner-style\"><\/span><\/span><\/div><\/p>\n<\/div><\/div><\/div>\n","protected":false},"excerpt":{"rendered":"","protected":false},"author":2,"featured_media":0,"parent":0,"menu_order":0,"comment_status":"closed","ping_status":"closed","template":"","meta":{"footnotes":""},"class_list":["post-2081","page","type-page","status-publish","hentry"],"yoast_head":"<!-- This site is optimized with the Yoast SEO plugin v27.3 - https:\/\/yoast.com\/product\/yoast-seo-wordpress\/ -->\n<title>Expedient Virtual - Trivium Procura<\/title>\n<meta name=\"robots\" content=\"index, follow, max-snippet:-1, max-image-preview:large, max-video-preview:-1\" \/>\n<link rel=\"canonical\" href=\"https:\/\/triviumprocura.com\/ca\/expedient-virtual\/\" \/>\n<meta property=\"og:locale\" content=\"ca_ES\" \/>\n<meta property=\"og:type\" content=\"article\" \/>\n<meta property=\"og:title\" content=\"Expedient Virtual - Trivium Procura\" \/>\n<meta property=\"og:url\" content=\"https:\/\/triviumprocura.com\/ca\/expedient-virtual\/\" \/>\n<meta property=\"og:site_name\" content=\"Trivium Procura\" \/>\n<meta property=\"article:modified_time\" content=\"2026-03-09T09:37:34+00:00\" \/>\n<meta property=\"og:image\" content=\"http:\/\/www.triviumprocura.com\/img\/pixel.gif\" \/>\n<meta name=\"twitter:card\" content=\"summary_large_image\" \/>\n<meta name=\"twitter:site\" content=\"@triviumprocura\" \/>\n<meta name=\"twitter:label1\" content=\"Temps estimat de lectura\" \/>\n\t<meta name=\"twitter:data1\" content=\"1 minut\" \/>\n<script type=\"application\/ld+json\" class=\"yoast-schema-graph\">{\"@context\":\"https:\\\/\\\/schema.org\",\"@graph\":[{\"@type\":\"WebPage\",\"@id\":\"https:\\\/\\\/triviumprocura.com\\\/ca\\\/expedient-virtual\\\/\",\"url\":\"https:\\\/\\\/triviumprocura.com\\\/ca\\\/expedient-virtual\\\/\",\"name\":\"Expedient Virtual - Trivium Procura\",\"isPartOf\":{\"@id\":\"https:\\\/\\\/triviumprocura.com\\\/ca\\\/#website\"},\"primaryImageOfPage\":{\"@id\":\"https:\\\/\\\/triviumprocura.com\\\/ca\\\/expedient-virtual\\\/#primaryimage\"},\"image\":{\"@id\":\"https:\\\/\\\/triviumprocura.com\\\/ca\\\/expedient-virtual\\\/#primaryimage\"},\"thumbnailUrl\":\"http:\\\/\\\/www.triviumprocura.com\\\/img\\\/pixel.gif\",\"datePublished\":\"2022-05-24T08:46:11+00:00\",\"dateModified\":\"2026-03-09T09:37:34+00:00\",\"breadcrumb\":{\"@id\":\"https:\\\/\\\/triviumprocura.com\\\/ca\\\/expedient-virtual\\\/#breadcrumb\"},\"inLanguage\":\"ca\",\"potentialAction\":[{\"@type\":\"ReadAction\",\"target\":[\"https:\\\/\\\/triviumprocura.com\\\/ca\\\/expedient-virtual\\\/\"]}]},{\"@type\":\"ImageObject\",\"inLanguage\":\"ca\",\"@id\":\"https:\\\/\\\/triviumprocura.com\\\/ca\\\/expedient-virtual\\\/#primaryimage\",\"url\":\"http:\\\/\\\/www.triviumprocura.com\\\/img\\\/pixel.gif\",\"contentUrl\":\"http:\\\/\\\/www.triviumprocura.com\\\/img\\\/pixel.gif\"},{\"@type\":\"BreadcrumbList\",\"@id\":\"https:\\\/\\\/triviumprocura.com\\\/ca\\\/expedient-virtual\\\/#breadcrumb\",\"itemListElement\":[{\"@type\":\"ListItem\",\"position\":1,\"name\":\"Portada\",\"item\":\"https:\\\/\\\/triviumprocura.com\\\/ca\\\/inici\\\/\"},{\"@type\":\"ListItem\",\"position\":2,\"name\":\"Expedient Virtual\"}]},{\"@type\":\"WebSite\",\"@id\":\"https:\\\/\\\/triviumprocura.com\\\/ca\\\/#website\",\"url\":\"https:\\\/\\\/triviumprocura.com\\\/ca\\\/\",\"name\":\"Trivium Procura\",\"description\":\"Just another WordPress site\",\"publisher\":{\"@id\":\"https:\\\/\\\/triviumprocura.com\\\/ca\\\/#organization\"},\"potentialAction\":[{\"@type\":\"SearchAction\",\"target\":{\"@type\":\"EntryPoint\",\"urlTemplate\":\"https:\\\/\\\/triviumprocura.com\\\/ca\\\/?s={search_term_string}\"},\"query-input\":{\"@type\":\"PropertyValueSpecification\",\"valueRequired\":true,\"valueName\":\"search_term_string\"}}],\"inLanguage\":\"ca\"},{\"@type\":\"Organization\",\"@id\":\"https:\\\/\\\/triviumprocura.com\\\/ca\\\/#organization\",\"name\":\"Trivium Procura\",\"url\":\"https:\\\/\\\/triviumprocura.com\\\/ca\\\/\",\"logo\":{\"@type\":\"ImageObject\",\"inLanguage\":\"ca\",\"@id\":\"https:\\\/\\\/triviumprocura.com\\\/ca\\\/#\\\/schema\\\/logo\\\/image\\\/\",\"url\":\"https:\\\/\\\/triviumprocura.com\\\/wp-content\\\/uploads\\\/2022\\\/02\\\/LogoWeb-Trivium.png\",\"contentUrl\":\"https:\\\/\\\/triviumprocura.com\\\/wp-content\\\/uploads\\\/2022\\\/02\\\/LogoWeb-Trivium.png\",\"width\":300,\"height\":300,\"caption\":\"Trivium Procura\"},\"image\":{\"@id\":\"https:\\\/\\\/triviumprocura.com\\\/ca\\\/#\\\/schema\\\/logo\\\/image\\\/\"},\"sameAs\":[\"https:\\\/\\\/x.com\\\/triviumprocura\",\"http:\\\/\\\/es.linkedin.com\\\/pub\\\/trivium-procura\\\/84\\\/943\\\/a3\"]}]}<\/script>\n<!-- \/ Yoast SEO plugin. -->","yoast_head_json":{"title":"Expedient Virtual - Trivium Procura","robots":{"index":"index","follow":"follow","max-snippet":"max-snippet:-1","max-image-preview":"max-image-preview:large","max-video-preview":"max-video-preview:-1"},"canonical":"https:\/\/triviumprocura.com\/ca\/expedient-virtual\/","og_locale":"ca_ES","og_type":"article","og_title":"Expedient Virtual - Trivium Procura","og_url":"https:\/\/triviumprocura.com\/ca\/expedient-virtual\/","og_site_name":"Trivium Procura","article_modified_time":"2026-03-09T09:37:34+00:00","og_image":[{"url":"http:\/\/www.triviumprocura.com\/img\/pixel.gif","type":"","width":"","height":""}],"twitter_card":"summary_large_image","twitter_site":"@triviumprocura","twitter_misc":{"Temps estimat de lectura":"1 minut"},"schema":{"@context":"https:\/\/schema.org","@graph":[{"@type":"WebPage","@id":"https:\/\/triviumprocura.com\/ca\/expedient-virtual\/","url":"https:\/\/triviumprocura.com\/ca\/expedient-virtual\/","name":"Expedient Virtual - Trivium Procura","isPartOf":{"@id":"https:\/\/triviumprocura.com\/ca\/#website"},"primaryImageOfPage":{"@id":"https:\/\/triviumprocura.com\/ca\/expedient-virtual\/#primaryimage"},"image":{"@id":"https:\/\/triviumprocura.com\/ca\/expedient-virtual\/#primaryimage"},"thumbnailUrl":"http:\/\/www.triviumprocura.com\/img\/pixel.gif","datePublished":"2022-05-24T08:46:11+00:00","dateModified":"2026-03-09T09:37:34+00:00","breadcrumb":{"@id":"https:\/\/triviumprocura.com\/ca\/expedient-virtual\/#breadcrumb"},"inLanguage":"ca","potentialAction":[{"@type":"ReadAction","target":["https:\/\/triviumprocura.com\/ca\/expedient-virtual\/"]}]},{"@type":"ImageObject","inLanguage":"ca","@id":"https:\/\/triviumprocura.com\/ca\/expedient-virtual\/#primaryimage","url":"http:\/\/www.triviumprocura.com\/img\/pixel.gif","contentUrl":"http:\/\/www.triviumprocura.com\/img\/pixel.gif"},{"@type":"BreadcrumbList","@id":"https:\/\/triviumprocura.com\/ca\/expedient-virtual\/#breadcrumb","itemListElement":[{"@type":"ListItem","position":1,"name":"Portada","item":"https:\/\/triviumprocura.com\/ca\/inici\/"},{"@type":"ListItem","position":2,"name":"Expedient Virtual"}]},{"@type":"WebSite","@id":"https:\/\/triviumprocura.com\/ca\/#website","url":"https:\/\/triviumprocura.com\/ca\/","name":"Trivium Procura","description":"Just another WordPress site","publisher":{"@id":"https:\/\/triviumprocura.com\/ca\/#organization"},"potentialAction":[{"@type":"SearchAction","target":{"@type":"EntryPoint","urlTemplate":"https:\/\/triviumprocura.com\/ca\/?s={search_term_string}"},"query-input":{"@type":"PropertyValueSpecification","valueRequired":true,"valueName":"search_term_string"}}],"inLanguage":"ca"},{"@type":"Organization","@id":"https:\/\/triviumprocura.com\/ca\/#organization","name":"Trivium Procura","url":"https:\/\/triviumprocura.com\/ca\/","logo":{"@type":"ImageObject","inLanguage":"ca","@id":"https:\/\/triviumprocura.com\/ca\/#\/schema\/logo\/image\/","url":"https:\/\/triviumprocura.com\/wp-content\/uploads\/2022\/02\/LogoWeb-Trivium.png","contentUrl":"https:\/\/triviumprocura.com\/wp-content\/uploads\/2022\/02\/LogoWeb-Trivium.png","width":300,"height":300,"caption":"Trivium Procura"},"image":{"@id":"https:\/\/triviumprocura.com\/ca\/#\/schema\/logo\/image\/"},"sameAs":["https:\/\/x.com\/triviumprocura","http:\/\/es.linkedin.com\/pub\/trivium-procura\/84\/943\/a3"]}]}},"_links":{"self":[{"href":"https:\/\/triviumprocura.com\/ca\/wp-json\/wp\/v2\/pages\/2081","targetHints":{"allow":["GET"]}}],"collection":[{"href":"https:\/\/triviumprocura.com\/ca\/wp-json\/wp\/v2\/pages"}],"about":[{"href":"https:\/\/triviumprocura.com\/ca\/wp-json\/wp\/v2\/types\/page"}],"author":[{"embeddable":true,"href":"https:\/\/triviumprocura.com\/ca\/wp-json\/wp\/v2\/users\/2"}],"replies":[{"embeddable":true,"href":"https:\/\/triviumprocura.com\/ca\/wp-json\/wp\/v2\/comments?post=2081"}],"version-history":[{"count":0,"href":"https:\/\/triviumprocura.com\/ca\/wp-json\/wp\/v2\/pages\/2081\/revisions"}],"wp:attachment":[{"href":"https:\/\/triviumprocura.com\/ca\/wp-json\/wp\/v2\/media?parent=2081"}],"curies":[{"name":"wp","href":"https:\/\/api.w.org\/{rel}","templated":true}]}}