{"id":2206,"date":"2022-02-17T14:30:03","date_gmt":"2022-02-17T14:30:03","guid":{"rendered":"https:\/\/triviumprocura.cloutions.com\/aviso-legal\/"},"modified":"2022-07-27T06:50:30","modified_gmt":"2022-07-27T06:50:30","slug":"avis-legal","status":"publish","type":"page","link":"https:\/\/triviumprocura.com\/ca\/avis-legal\/","title":{"rendered":"Av\u00eds Legal"},"content":{"rendered":"\n<style type=\"text\/css\" data-created_by=\"avia_inline_auto\" id=\"style-css-av-qzc09-1e686c8fca505e5e7021ac8542da6678\">\n.avia-section.av-qzc09-1e686c8fca505e5e7021ac8542da6678{\nbackground-color:#878686;\nbackground:linear-gradient( to right, #878686, #009fe3 );\n}\n<\/style>\n<div id='av_section_1'  class='avia-section av-qzc09-1e686c8fca505e5e7021ac8542da6678 main_color avia-section-default avia-no-border-styling  avia-builder-el-0  el_before_av_section  avia-builder-el-first  avia-bg-style-scroll container_wrap sidebar_right'  ><div class='container av-section-cont-open' ><main  role=\"main\" itemprop=\"mainContentOfPage\"  class='template-page content  av-content-small alpha units'><div class='post-entry post-entry-type-page post-entry-2206'><div class='entry-content-wrapper clearfix'>\n<div  class='flex_column av-mkze1-2a8ad542dc9ef3a0834ff9620b1dbe29 av_one_full  avia-builder-el-1  avia-builder-el-no-sibling  first flex_column_div  '     ><style type=\"text\/css\" data-created_by=\"avia_inline_auto\" id=\"style-css-av-kzr2xkzz-29327c3679886921ad2ffdcfc403ae5d\">\n#top .av_textblock_section.av-kzr2xkzz-29327c3679886921ad2ffdcfc403ae5d .avia_textblock{\ncolor:#ffffff;\n}\n<\/style>\n<section  class='av_textblock_section av-kzr2xkzz-29327c3679886921ad2ffdcfc403ae5d '   itemscope=\"itemscope\" itemtype=\"https:\/\/schema.org\/CreativeWork\" ><div class='avia_textblock av_inherit_color'  itemprop=\"text\" ><h2 style=\"text-align: center; font-weight: 400;\">AV\u00cdS LEGAL<\/h2>\n<\/div><\/section><\/div><\/div><\/div><\/main><!-- close content main element --><\/div><\/div><div id='av_section_2'  class='avia-section av-czmip-5e39f87d16da34ea8040fb20499efd18 main_color avia-section-default avia-no-border-styling  avia-builder-el-3  el_after_av_section  avia-builder-el-last  avia-bg-style-scroll container_wrap sidebar_right'  ><div class='container av-section-cont-open' ><div class='template-page content  av-content-small alpha units'><div class='post-entry post-entry-type-page post-entry-2206'><div class='entry-content-wrapper clearfix'>\n<div  class='flex_column av-6s14x-1b1c1794b100de4c74792b2b8795003f av_one_full  avia-builder-el-4  avia-builder-el-no-sibling  first flex_column_div  '     ><section  class='av_textblock_section av-kzr2y36w-c2816db5e87de8639791447bb76d3b6b '   itemscope=\"itemscope\" itemtype=\"https:\/\/schema.org\/CreativeWork\" ><div class='avia_textblock'  itemprop=\"text\" ><blockquote>\n<h3>DATOS GENERALES<\/h3>\n<\/blockquote>\n<p>De acuerdo con el art\u00edculo 10 de la Ley 34\/2002, de 11 de julio, de Servicios de la Sociedad de la Informaci\u00f3n y de Comercio Electr\u00f3nico ponemos a su disposici\u00f3n los siguientes datos:<br \/>\nTRIVIUM PROCURA S.L.P est\u00e1 domiciliada en Avda del Parc 1 entlo 1\u00aa Granollers (Barcelona) con CIF B- 65795874 Inscrita en el Registro Mercantil de Barcelona Folio 209, Tomo 43541, Hoja B- 431853. Tel\u00e9fono de contacto: + 34 938 796 803, E-mail: trivium@triviumprocura.com<\/p>\n<p>En la web (triviumprocura.com) hay una serie de contenidos de car\u00e1cter informativo sobre los servicios como procuradores de los tribunales.<br \/>\nSu principal objetivo es facilitar a los clientes, la informaci\u00f3n relativa a la servicios que se ofrecen como procuradores de los tribunales.<\/p>\n<blockquote>\n<h3>CONDICIONES DE USO<\/h3>\n<\/blockquote>\n<p>Las condiciones de acceso y uso del presente sitio web se rigen por la legalidad vigente y por el principio de buena fe comprometi\u00e9ndose el usuario a realizar un buen uso de la web. No se permiten conductas que vayan contra la ley, los derechos o intereses de terceros.<br \/>\nSer usuario de la web de (triviumprocura.com) implica que reconoce haber le\u00eddo y aceptado las presentes condiciones y lo que las extienda la normativa legal aplicable en esta materia. Si por el motivo que fuere no est\u00e1 de acuerdo con estas condiciones no contin\u00fae usando esta web.<br \/>\nCualquier tipo de notificaci\u00f3n y\/o reclamaci\u00f3n solamente ser\u00e1 v\u00e1lida por notificaci\u00f3n escrita y\/o correo certificado.<\/p>\n<blockquote>\n<h3>PROPIEDAD INTELECTUAL E INDUSTRIAL<\/h3>\n<\/blockquote>\n<p>TRIVIUM PROCURAS.L.P. es titular de todos los derechos sobre el software de la publicaci\u00f3n digital.<br \/>\nNing\u00fan material publicado en esta web podr\u00e1 ser reproducido, copiado o publicado sin el consentimiento por escrito de TRIVIUM PROCURA S.L.P.<\/p>\n<blockquote>\n<h3>LEY APLICABLE Y JURISDICCI\u00d3N<\/h3>\n<\/blockquote>\n<p>Las presentes condiciones generales se rigen por la legislaci\u00f3n espa\u00f1ola. Para cualquier litigio que pudiera surgir relacionado con el sitio web o la actividad que en \u00e9l se desarrolla ser\u00e1n competentes Juzgados de Barcelona.<\/p>\n<\/div><\/section><\/div>\n<\/div><\/div><\/div><!-- close content main div --><\/div><\/div><div id='after_section_2'  class='main_color av_default_container_wrap container_wrap sidebar_right'  ><div class='container av-section-cont-open' ><div class='template-page content  av-content-small alpha units'><div class='post-entry post-entry-type-page post-entry-2206'><div class='entry-content-wrapper clearfix'><\/p>\n","protected":false},"excerpt":{"rendered":"","protected":false},"author":2,"featured_media":0,"parent":0,"menu_order":0,"comment_status":"closed","ping_status":"closed","template":"","meta":{"footnotes":""},"class_list":["post-2206","page","type-page","status-publish","hentry"],"yoast_head":"<!-- This site is optimized with the Yoast SEO plugin v27.6 - https:\/\/yoast.com\/product\/yoast-seo-wordpress\/ -->\n<title>Av\u00eds Legal - Trivium Procura<\/title>\n<meta name=\"robots\" content=\"index, follow, max-snippet:-1, max-image-preview:large, max-video-preview:-1\" \/>\n<link rel=\"canonical\" href=\"https:\/\/triviumprocura.com\/ca\/avis-legal\/\" \/>\n<meta property=\"og:locale\" content=\"ca_ES\" \/>\n<meta property=\"og:type\" content=\"article\" \/>\n<meta property=\"og:title\" content=\"Av\u00eds Legal - Trivium Procura\" \/>\n<meta property=\"og:url\" content=\"https:\/\/triviumprocura.com\/ca\/avis-legal\/\" \/>\n<meta property=\"og:site_name\" content=\"Trivium Procura\" \/>\n<meta property=\"article:modified_time\" content=\"2022-07-27T06:50:30+00:00\" \/>\n<meta name=\"twitter:card\" content=\"summary_large_image\" \/>\n<meta name=\"twitter:site\" content=\"@triviumprocura\" \/>\n<meta name=\"twitter:label1\" content=\"Temps estimat de lectura\" \/>\n\t<meta name=\"twitter:data1\" content=\"3 minuts\" \/>\n<script type=\"application\/ld+json\" class=\"yoast-schema-graph\">{\"@context\":\"https:\\\/\\\/schema.org\",\"@graph\":[{\"@type\":\"WebPage\",\"@id\":\"https:\\\/\\\/triviumprocura.com\\\/ca\\\/avis-legal\\\/\",\"url\":\"https:\\\/\\\/triviumprocura.com\\\/ca\\\/avis-legal\\\/\",\"name\":\"Av\u00eds Legal - Trivium Procura\",\"isPartOf\":{\"@id\":\"https:\\\/\\\/triviumprocura.com\\\/ca\\\/#website\"},\"datePublished\":\"2022-02-17T14:30:03+00:00\",\"dateModified\":\"2022-07-27T06:50:30+00:00\",\"breadcrumb\":{\"@id\":\"https:\\\/\\\/triviumprocura.com\\\/ca\\\/avis-legal\\\/#breadcrumb\"},\"inLanguage\":\"ca\",\"potentialAction\":[{\"@type\":\"ReadAction\",\"target\":[\"https:\\\/\\\/triviumprocura.com\\\/ca\\\/avis-legal\\\/\"]}]},{\"@type\":\"BreadcrumbList\",\"@id\":\"https:\\\/\\\/triviumprocura.com\\\/ca\\\/avis-legal\\\/#breadcrumb\",\"itemListElement\":[{\"@type\":\"ListItem\",\"position\":1,\"name\":\"Portada\",\"item\":\"https:\\\/\\\/triviumprocura.com\\\/ca\\\/inici\\\/\"},{\"@type\":\"ListItem\",\"position\":2,\"name\":\"Av\u00eds Legal\"}]},{\"@type\":\"WebSite\",\"@id\":\"https:\\\/\\\/triviumprocura.com\\\/ca\\\/#website\",\"url\":\"https:\\\/\\\/triviumprocura.com\\\/ca\\\/\",\"name\":\"Trivium Procura\",\"description\":\"Just another WordPress site\",\"publisher\":{\"@id\":\"https:\\\/\\\/triviumprocura.com\\\/ca\\\/#organization\"},\"potentialAction\":[{\"@type\":\"SearchAction\",\"target\":{\"@type\":\"EntryPoint\",\"urlTemplate\":\"https:\\\/\\\/triviumprocura.com\\\/ca\\\/?s={search_term_string}\"},\"query-input\":{\"@type\":\"PropertyValueSpecification\",\"valueRequired\":true,\"valueName\":\"search_term_string\"}}],\"inLanguage\":\"ca\"},{\"@type\":\"Organization\",\"@id\":\"https:\\\/\\\/triviumprocura.com\\\/ca\\\/#organization\",\"name\":\"Trivium Procura\",\"url\":\"https:\\\/\\\/triviumprocura.com\\\/ca\\\/\",\"logo\":{\"@type\":\"ImageObject\",\"inLanguage\":\"ca\",\"@id\":\"https:\\\/\\\/triviumprocura.com\\\/ca\\\/#\\\/schema\\\/logo\\\/image\\\/\",\"url\":\"https:\\\/\\\/triviumprocura.com\\\/wp-content\\\/uploads\\\/2022\\\/02\\\/LogoWeb-Trivium.png\",\"contentUrl\":\"https:\\\/\\\/triviumprocura.com\\\/wp-content\\\/uploads\\\/2022\\\/02\\\/LogoWeb-Trivium.png\",\"width\":300,\"height\":300,\"caption\":\"Trivium Procura\"},\"image\":{\"@id\":\"https:\\\/\\\/triviumprocura.com\\\/ca\\\/#\\\/schema\\\/logo\\\/image\\\/\"},\"sameAs\":[\"https:\\\/\\\/x.com\\\/triviumprocura\",\"http:\\\/\\\/es.linkedin.com\\\/pub\\\/trivium-procura\\\/84\\\/943\\\/a3\"]}]}<\/script>\n<!-- \/ Yoast SEO plugin. -->","yoast_head_json":{"title":"Av\u00eds Legal - Trivium Procura","robots":{"index":"index","follow":"follow","max-snippet":"max-snippet:-1","max-image-preview":"max-image-preview:large","max-video-preview":"max-video-preview:-1"},"canonical":"https:\/\/triviumprocura.com\/ca\/avis-legal\/","og_locale":"ca_ES","og_type":"article","og_title":"Av\u00eds Legal - Trivium Procura","og_url":"https:\/\/triviumprocura.com\/ca\/avis-legal\/","og_site_name":"Trivium Procura","article_modified_time":"2022-07-27T06:50:30+00:00","twitter_card":"summary_large_image","twitter_site":"@triviumprocura","twitter_misc":{"Temps estimat de lectura":"3 minuts"},"schema":{"@context":"https:\/\/schema.org","@graph":[{"@type":"WebPage","@id":"https:\/\/triviumprocura.com\/ca\/avis-legal\/","url":"https:\/\/triviumprocura.com\/ca\/avis-legal\/","name":"Av\u00eds Legal - Trivium Procura","isPartOf":{"@id":"https:\/\/triviumprocura.com\/ca\/#website"},"datePublished":"2022-02-17T14:30:03+00:00","dateModified":"2022-07-27T06:50:30+00:00","breadcrumb":{"@id":"https:\/\/triviumprocura.com\/ca\/avis-legal\/#breadcrumb"},"inLanguage":"ca","potentialAction":[{"@type":"ReadAction","target":["https:\/\/triviumprocura.com\/ca\/avis-legal\/"]}]},{"@type":"BreadcrumbList","@id":"https:\/\/triviumprocura.com\/ca\/avis-legal\/#breadcrumb","itemListElement":[{"@type":"ListItem","position":1,"name":"Portada","item":"https:\/\/triviumprocura.com\/ca\/inici\/"},{"@type":"ListItem","position":2,"name":"Av\u00eds Legal"}]},{"@type":"WebSite","@id":"https:\/\/triviumprocura.com\/ca\/#website","url":"https:\/\/triviumprocura.com\/ca\/","name":"Trivium Procura","description":"Just another WordPress site","publisher":{"@id":"https:\/\/triviumprocura.com\/ca\/#organization"},"potentialAction":[{"@type":"SearchAction","target":{"@type":"EntryPoint","urlTemplate":"https:\/\/triviumprocura.com\/ca\/?s={search_term_string}"},"query-input":{"@type":"PropertyValueSpecification","valueRequired":true,"valueName":"search_term_string"}}],"inLanguage":"ca"},{"@type":"Organization","@id":"https:\/\/triviumprocura.com\/ca\/#organization","name":"Trivium Procura","url":"https:\/\/triviumprocura.com\/ca\/","logo":{"@type":"ImageObject","inLanguage":"ca","@id":"https:\/\/triviumprocura.com\/ca\/#\/schema\/logo\/image\/","url":"https:\/\/triviumprocura.com\/wp-content\/uploads\/2022\/02\/LogoWeb-Trivium.png","contentUrl":"https:\/\/triviumprocura.com\/wp-content\/uploads\/2022\/02\/LogoWeb-Trivium.png","width":300,"height":300,"caption":"Trivium Procura"},"image":{"@id":"https:\/\/triviumprocura.com\/ca\/#\/schema\/logo\/image\/"},"sameAs":["https:\/\/x.com\/triviumprocura","http:\/\/es.linkedin.com\/pub\/trivium-procura\/84\/943\/a3"]}]}},"_links":{"self":[{"href":"https:\/\/triviumprocura.com\/ca\/wp-json\/wp\/v2\/pages\/2206","targetHints":{"allow":["GET"]}}],"collection":[{"href":"https:\/\/triviumprocura.com\/ca\/wp-json\/wp\/v2\/pages"}],"about":[{"href":"https:\/\/triviumprocura.com\/ca\/wp-json\/wp\/v2\/types\/page"}],"author":[{"embeddable":true,"href":"https:\/\/triviumprocura.com\/ca\/wp-json\/wp\/v2\/users\/2"}],"replies":[{"embeddable":true,"href":"https:\/\/triviumprocura.com\/ca\/wp-json\/wp\/v2\/comments?post=2206"}],"version-history":[{"count":1,"href":"https:\/\/triviumprocura.com\/ca\/wp-json\/wp\/v2\/pages\/2206\/revisions"}],"predecessor-version":[{"id":2649,"href":"https:\/\/triviumprocura.com\/ca\/wp-json\/wp\/v2\/pages\/2206\/revisions\/2649"}],"wp:attachment":[{"href":"https:\/\/triviumprocura.com\/ca\/wp-json\/wp\/v2\/media?parent=2206"}],"curies":[{"name":"wp","href":"https:\/\/api.w.org\/{rel}","templated":true}]}}