{"id":2213,"date":"2022-02-11T13:00:18","date_gmt":"2022-02-11T13:00:18","guid":{"rendered":"https:\/\/triviumprocura.cloutions.com\/valores\/"},"modified":"2026-01-15T09:04:11","modified_gmt":"2026-01-15T09:04:11","slug":"valors","status":"publish","type":"page","link":"https:\/\/triviumprocura.com\/ca\/empresa\/valors\/","title":{"rendered":"Valors"},"content":{"rendered":"\n<style type=\"text\/css\" data-created_by=\"avia_inline_auto\" id=\"style-css-av-2vluv2-62e7dfbe79a92fbdabd2bc38f9e58e5c\">\n.avia-section.av-2vluv2-62e7dfbe79a92fbdabd2bc38f9e58e5c{\nbackground-color:#878686;\nbackground:linear-gradient( to right, #878686, #009fe3 );\n}\n<\/style>\n<div id='av_section_1'  class='avia-section av-2vluv2-62e7dfbe79a92fbdabd2bc38f9e58e5c main_color avia-section-default avia-no-border-styling  avia-builder-el-0  el_before_av_one_full  avia-builder-el-first  avia-bg-style-scroll container_wrap sidebar_right'  ><div class='container av-section-cont-open' ><main  role=\"main\" itemprop=\"mainContentOfPage\"  class='template-page content  av-content-small alpha units'><div class='post-entry post-entry-type-page post-entry-2213'><div class='entry-content-wrapper clearfix'>\n<div  class='flex_column av-2ogt06-d194b70d4e437eabfcf9e41a3cb31b19 av_one_full  avia-builder-el-1  avia-builder-el-no-sibling  first flex_column_div  '     ><style type=\"text\/css\" data-created_by=\"avia_inline_auto\" id=\"style-css-av-kzia6pvz-0648f50ebcb527b615a4acab57f468a4\">\n#top .av_textblock_section.av-kzia6pvz-0648f50ebcb527b615a4acab57f468a4 .avia_textblock{\ncolor:#ffffff;\n}\n<\/style>\n<section  class='av_textblock_section av-kzia6pvz-0648f50ebcb527b615a4acab57f468a4 '   itemscope=\"itemscope\" itemtype=\"https:\/\/schema.org\/CreativeWork\" ><div class='avia_textblock av_inherit_color'  itemprop=\"text\" ><h1 style=\"text-align: center; font-weight: 400;\">VALORS<\/h1>\n<\/div><\/section><\/div><\/div><\/div><\/main><!-- close content main element --><\/div><\/div><div id='after_section_1'  class='main_color av_default_container_wrap container_wrap sidebar_right'  ><div class='container av-section-cont-open' ><div class='template-page content  av-content-small alpha units'><div class='post-entry post-entry-type-page post-entry-2213'><div class='entry-content-wrapper clearfix'><div  class='flex_column av-8lhdi-c627dc78ccd881912cbb932be9d9e99c av_one_full  avia-builder-el-3  el_after_av_section  avia-builder-el-no-sibling  first flex_column_div  '     ><div id='av-masonry-1' class='av-masonry av-kzmuon7o-c40c791e9a0928cb058235e52caeaacb noHover av-fixed-size av-large-gap av-hover-overlay-bluronhover av-masonry-animation-active av-masonry-col-3 av-caption-on-hover av-caption-style-overlay av-masonry-gallery av-medium-columns-overwrite av-medium-columns-2 av-small-columns-overwrite av-small-columns-1 av-mini-columns-overwrite av-mini-columns-1 ' data-post_id=\"2213\"><div class=\"av-masonry-container isotope av-js-disabled\"><div class='av-masonry-entry isotope-item av-masonry-item-no-image '><\/div><div id='av-masonry-1-item-718' data-av-masonry-item='718' class='av-masonry-entry isotope-item post-718 attachment type-attachment status-inherit hentry  av-masonry-item-with-image av-grid-img'    itemprop=\"thumbnailUrl\" ><div class='av-inner-masonry-sizer'><\/div><figure class='av-inner-masonry main_color'><div class=\"av-masonry-outerimage-container\"><div class='av-masonry-image-container' style=\"background-image: url(https:\/\/triviumprocura.com\/wp-content\/uploads\/2022\/02\/Valores-Adaptabilidad2-Trivium.jpg);\"  title=\"Valores-Adaptabilidad2-Trivium\" ><\/div><\/div><figcaption class='av-inner-masonry-content site-background'><div class='av-inner-masonry-content-pos'><div class='av-inner-masonry-content-pos-content'><div class='avia-arrow'><\/div><div class='av-masonry-entry-content entry-content'  itemprop=\"text\" >ADAPTABILITAT <p style=\"font-size: 15px;\">Perqu\u00e8 cada client i cada lletrat \u00e9s diferent, procurem adequar els nostres recursos a les seves necessitats, tenint en compte que la nostra \u00e9s una professi\u00f3 amb vocaci\u00f3 de servei.<\/p><\/div><\/div><\/div><\/figcaption><\/figure><\/div><!--end av-masonry entry--><div id='av-masonry-1-item-716' data-av-masonry-item='716' class='av-masonry-entry isotope-item post-716 attachment type-attachment status-inherit hentry  av-masonry-item-with-image av-grid-img'    itemprop=\"thumbnailUrl\" ><div class='av-inner-masonry-sizer'><\/div><figure class='av-inner-masonry main_color'><div class=\"av-masonry-outerimage-container\"><div class='av-masonry-image-container' style=\"background-image: url(https:\/\/triviumprocura.com\/wp-content\/uploads\/2022\/02\/Valores-Agilidad2-Trivium.jpg);\"  title=\"Valores-Agilidad2-Trivium\" ><\/div><\/div><figcaption class='av-inner-masonry-content site-background'><div class='av-inner-masonry-content-pos'><div class='av-inner-masonry-content-pos-content'><div class='avia-arrow'><\/div><div class='av-masonry-entry-content entry-content'  itemprop=\"text\" >AGILITAT <p>La nostra vocaci\u00f3 es canalitza mitjan\u00e7ant una organitzaci\u00f3 pensada i estructurada per aconseguir la m\u00e0xima celeritat en totes les gestions que ens s\u00f3n encomanades.<\/p><\/div><\/div><\/div><\/figcaption><\/figure><\/div><!--end av-masonry entry--><div id='av-masonry-1-item-714' data-av-masonry-item='714' class='av-masonry-entry isotope-item post-714 attachment type-attachment status-inherit hentry  av-masonry-item-with-image av-grid-img'    itemprop=\"thumbnailUrl\" ><div class='av-inner-masonry-sizer'><\/div><figure class='av-inner-masonry main_color'><div class=\"av-masonry-outerimage-container\"><div class='av-masonry-image-container' style=\"background-image: url(https:\/\/triviumprocura.com\/wp-content\/uploads\/2022\/02\/Valores-Competitividad2-Trivium.jpg);\"  title=\"Valores-Competitividad2-Trivium\" ><\/div><\/div><figcaption class='av-inner-masonry-content site-background'><div class='av-inner-masonry-content-pos'><div class='av-inner-masonry-content-pos-content'><div class='avia-arrow'><\/div><div class='av-masonry-entry-content entry-content'  itemprop=\"text\" >COMPETITIVITAT <p>La uni\u00f3 de tots els procuradors que componen Trivium ens permet assumir nous reptes organitzatius i donar resposta als requeriments que la societat del segle XXI demana.<\/p><\/div><\/div><\/div><\/figcaption><\/figure><\/div><!--end av-masonry entry--><div id='av-masonry-1-item-712' data-av-masonry-item='712' class='av-masonry-entry isotope-item post-712 attachment type-attachment status-inherit hentry  av-masonry-item-with-image av-grid-img'    itemprop=\"thumbnailUrl\" ><div class='av-inner-masonry-sizer'><\/div><figure class='av-inner-masonry main_color'><div class=\"av-masonry-outerimage-container\"><div class='av-masonry-image-container' style=\"background-image: url(https:\/\/triviumprocura.com\/wp-content\/uploads\/2022\/02\/Valores-Confianza2-Trivium.jpg);\"  title=\"Valores-Confianza2-Trivium\" ><\/div><\/div><figcaption class='av-inner-masonry-content site-background'><div class='av-inner-masonry-content-pos'><div class='av-inner-masonry-content-pos-content'><div class='avia-arrow'><\/div><div class='av-masonry-entry-content entry-content'  itemprop=\"text\" >CONFIAN\u00c7A <p>gestionar procediments judicials requereix un alt grau de complicitat entre el client, el lletrat i el procurador. Per aquest motiu donem molta import\u00e0ncia al fet que les relacions professionals siguin el m\u00e9s directes i properes possibles.<\/p><\/div><\/div><\/div><\/figcaption><\/figure><\/div><!--end av-masonry entry--><div id='av-masonry-1-item-710' data-av-masonry-item='710' class='av-masonry-entry isotope-item post-710 attachment type-attachment status-inherit hentry  av-masonry-item-with-image av-grid-img'    itemprop=\"thumbnailUrl\" ><div class='av-inner-masonry-sizer'><\/div><figure class='av-inner-masonry main_color'><div class=\"av-masonry-outerimage-container\"><div class='av-masonry-image-container' style=\"background-image: url(https:\/\/triviumprocura.com\/wp-content\/uploads\/2022\/02\/Valores-Confidencialidad2-Trivium.jpg);\"  title=\"Valores-Confidencialidad2-Trivium\" ><\/div><\/div><figcaption class='av-inner-masonry-content site-background'><div class='av-inner-masonry-content-pos'><div class='av-inner-masonry-content-pos-content'><div class='avia-arrow'><\/div><div class='av-masonry-entry-content entry-content'  itemprop=\"text\" >CONFIDENCIALITAT <p>Apliquem rigorosos protocols per mantenir i protegir la seguretat de les dades que gestionem i arxivem. El secret professional a Trivium est\u00e0 molt ben guardat.<\/p><\/div><\/div><\/div><\/figcaption><\/figure><\/div><!--end av-masonry entry--><div id='av-masonry-1-item-708' data-av-masonry-item='708' class='av-masonry-entry isotope-item post-708 attachment type-attachment status-inherit hentry  av-masonry-item-with-image av-grid-img'    itemprop=\"thumbnailUrl\" ><div class='av-inner-masonry-sizer'><\/div><figure class='av-inner-masonry main_color'><div class=\"av-masonry-outerimage-container\"><div class='av-masonry-image-container' style=\"background-image: url(https:\/\/triviumprocura.com\/wp-content\/uploads\/2022\/02\/Valores-Eficacia2-Trivium.jpg);\"  title=\"Valores-Eficacia2-Trivium\" ><\/div><\/div><figcaption class='av-inner-masonry-content site-background'><div class='av-inner-masonry-content-pos'><div class='av-inner-masonry-content-pos-content'><div class='avia-arrow'><\/div><div class='av-masonry-entry-content entry-content'  itemprop=\"text\" >EFIC\u00c0CIA <p>Tota l'organitzaci\u00f3 est\u00e0 pensada i orientada a aconseguir el millor resultat, amb el m\u00ednim temps i amb els costos m\u00e9s equilibrats possibles.<\/p><\/div><\/div><\/div><\/figcaption><\/figure><\/div><!--end av-masonry entry--><div id='av-masonry-1-item-706' data-av-masonry-item='706' class='av-masonry-entry isotope-item post-706 attachment type-attachment status-inherit hentry  av-masonry-item-with-image av-grid-img'    itemprop=\"thumbnailUrl\" ><div class='av-inner-masonry-sizer'><\/div><figure class='av-inner-masonry main_color'><div class=\"av-masonry-outerimage-container\"><div class='av-masonry-image-container' style=\"background-image: url(https:\/\/triviumprocura.com\/wp-content\/uploads\/2022\/02\/Valores-Equipo2-Trivium.jpg);\"  title=\"Valores-Equipo2-Trivium\" ><\/div><\/div><figcaption class='av-inner-masonry-content site-background'><div class='av-inner-masonry-content-pos'><div class='av-inner-masonry-content-pos-content'><div class='avia-arrow'><\/div><div class='av-masonry-entry-content entry-content'  itemprop=\"text\" >EQUIP <p>Tots els procuradors del Grup exercim al nostre territori natural, per\u00f2 ho fem de forma coordinada i posant en relleu que la for\u00e7a de Trivium est\u00e0 en conjunt.<\/p><\/div><\/div><\/div><\/figcaption><\/figure><\/div><!--end av-masonry entry--><div id='av-masonry-1-item-704' data-av-masonry-item='704' class='av-masonry-entry isotope-item post-704 attachment type-attachment status-inherit hentry  av-masonry-item-with-image av-grid-img'    itemprop=\"thumbnailUrl\" ><div class='av-inner-masonry-sizer'><\/div><figure class='av-inner-masonry main_color'><div class=\"av-masonry-outerimage-container\"><div class='av-masonry-image-container' style=\"background-image: url(https:\/\/triviumprocura.com\/wp-content\/uploads\/2022\/02\/Valores-Experiencia2-Trivium.jpg);\"  title=\"Valores-Experiencia2-Trivium\" ><\/div><\/div><figcaption class='av-inner-masonry-content site-background'><div class='av-inner-masonry-content-pos'><div class='av-inner-masonry-content-pos-content'><div class='avia-arrow'><\/div><div class='av-masonry-entry-content entry-content'  itemprop=\"text\" >EXPERI\u00c8NCIA <p>Les traject\u00f2ries professionals consolidades dels nostres procuradors permeten assegurar un coneixement exhaustiu de les normes processals i de la realitat social, econ\u00f2mica i judicial dels seus territoris d'actuaci\u00f3.<\/p><\/div><\/div><\/div><\/figcaption><\/figure><\/div><!--end av-masonry entry--><div id='av-masonry-1-item-702' data-av-masonry-item='702' class='av-masonry-entry isotope-item post-702 attachment type-attachment status-inherit hentry  av-masonry-item-with-image av-grid-img'    itemprop=\"thumbnailUrl\" ><div class='av-inner-masonry-sizer'><\/div><figure class='av-inner-masonry main_color'><div class=\"av-masonry-outerimage-container\"><div class='av-masonry-image-container' style=\"background-image: url(https:\/\/triviumprocura.com\/wp-content\/uploads\/2022\/02\/Valores-Interlocucio\u0301n2-Trivium.jpg);\"  title=\"Valores-Interlocucio\u0301n2-Trivium\" ><\/div><\/div><figcaption class='av-inner-masonry-content site-background'><div class='av-inner-masonry-content-pos'><div class='av-inner-masonry-content-pos-content'><div class='avia-arrow'><\/div><div class='av-masonry-entry-content entry-content'  itemprop=\"text\" >INTERLOCUCI\u00d3 <p>Som molts procuradors i actuem en molts partits judicials, per\u00f2 estem organitzats per poder donar resposta unificada, facilitant aix\u00ed una bona canalitzaci\u00f3 d'instruccions i resultats.<\/p><\/div><\/div><\/div><\/figcaption><\/figure><\/div><!--end av-masonry entry--><div id='av-masonry-1-item-700' data-av-masonry-item='700' class='av-masonry-entry isotope-item post-700 attachment type-attachment status-inherit hentry  av-masonry-item-with-image av-grid-img'    itemprop=\"thumbnailUrl\" ><div class='av-inner-masonry-sizer'><\/div><figure class='av-inner-masonry main_color'><div class=\"av-masonry-outerimage-container\"><div class='av-masonry-image-container' style=\"background-image: url(https:\/\/triviumprocura.com\/wp-content\/uploads\/2022\/02\/Valores-Organizacio\u0301n2-Trivium.jpg);\"  title=\"Valores-Organizacio\u0301n2-Trivium\" ><\/div><\/div><figcaption class='av-inner-masonry-content site-background'><div class='av-inner-masonry-content-pos'><div class='av-inner-masonry-content-pos-content'><div class='avia-arrow'><\/div><div class='av-masonry-entry-content entry-content'  itemprop=\"text\" >ORGANITZACI\u00d3 <p>Gestionar amb efic\u00e0cia a trav\u00e9s de molts professionals requereix una bona coordinaci\u00f3 entre ells. Per aconseguir-ho tenim un equip executiu expert en la gesti\u00f3 global de procediments jur\u00eddics processals.<\/p><\/div><\/div><\/div><\/figcaption><\/figure><\/div><!--end av-masonry entry--><div id='av-masonry-1-item-698' data-av-masonry-item='698' class='av-masonry-entry isotope-item post-698 attachment type-attachment status-inherit hentry  av-masonry-item-with-image av-grid-img'    itemprop=\"thumbnailUrl\" ><div class='av-inner-masonry-sizer'><\/div><figure class='av-inner-masonry main_color'><div class=\"av-masonry-outerimage-container\"><div class='av-masonry-image-container' style=\"background-image: url(https:\/\/triviumprocura.com\/wp-content\/uploads\/2022\/02\/Valores-Profesionalidad2-Trivium.jpg);\"  title=\"Valores-Profesionalidad2-Trivium\" ><\/div><\/div><figcaption class='av-inner-masonry-content site-background'><div class='av-inner-masonry-content-pos'><div class='av-inner-masonry-content-pos-content'><div class='avia-arrow'><\/div><div class='av-masonry-entry-content entry-content'  itemprop=\"text\" >PROFESSIONALITAT <p>La procura \u00e9s vocacional, de manera que els integrants de Trivium exercim aplicant els principis fonamentals de l'\u00e8tica i amb respecte a les lleis, l'administraci\u00f3 judicial i les institucions col\u00b7legials<\/p><\/div><\/div><\/div><\/figcaption><\/figure><\/div><!--end av-masonry entry--><div id='av-masonry-1-item-696' data-av-masonry-item='696' class='av-masonry-entry isotope-item post-696 attachment type-attachment status-inherit hentry  av-masonry-item-with-image av-grid-img'    itemprop=\"thumbnailUrl\" ><div class='av-inner-masonry-sizer'><\/div><figure class='av-inner-masonry main_color'><div class=\"av-masonry-outerimage-container\"><div class='av-masonry-image-container' style=\"background-image: url(https:\/\/triviumprocura.com\/wp-content\/uploads\/2022\/02\/Valores-Sinergia2-Trivium.jpg);\"  title=\"Valores-Sinergia2-Trivium\" ><\/div><\/div><figcaption class='av-inner-masonry-content site-background'><div class='av-inner-masonry-content-pos'><div class='av-inner-masonry-content-pos-content'><div class='avia-arrow'><\/div><div class='av-masonry-entry-content entry-content'  itemprop=\"text\" >SIN\u00c8RGIA <p>La uni\u00f3 de totes les procuradores ens permet compartir recursos i sumar esfor\u00e7os. La cerca i l'aplicaci\u00f3 d'aquest principi \u00e9s una constant en el nostre dia a dia.<\/p><\/div><\/div><\/div><\/figcaption><\/figure><\/div><!--end av-masonry entry--><div id='av-masonry-1-item-694' data-av-masonry-item='694' class='av-masonry-entry isotope-item post-694 attachment type-attachment status-inherit hentry  av-masonry-item-with-image av-grid-img'    itemprop=\"thumbnailUrl\" ><div class='av-inner-masonry-sizer'><\/div><figure class='av-inner-masonry main_color'><div class=\"av-masonry-outerimage-container\"><div class='av-masonry-image-container' style=\"background-image: url(https:\/\/triviumprocura.com\/wp-content\/uploads\/2022\/02\/Valores-Sostenibilidad2-Trivium.jpg);\"  title=\"Valores-Sostenibilidad2-Trivium\" ><\/div><\/div><figcaption class='av-inner-masonry-content site-background'><div class='av-inner-masonry-content-pos'><div class='av-inner-masonry-content-pos-content'><div class='avia-arrow'><\/div><div class='av-masonry-entry-content entry-content'  itemprop=\"text\" >SOSTENIBILITAT <p>Som respectuosos amb el medi ambient i procurem, aplicant els nostres m\u00e8todes de gesti\u00f3, contribuir a l'estalvi de recursos naturals i energ\u00e8tics.<\/p><\/div><\/div><\/div><\/figcaption><\/figure><\/div><!--end av-masonry entry--><div id='av-masonry-1-item-692' data-av-masonry-item='692' class='av-masonry-entry isotope-item post-692 attachment type-attachment status-inherit hentry  av-masonry-item-with-image av-grid-img'    itemprop=\"thumbnailUrl\" ><div class='av-inner-masonry-sizer'><\/div><figure class='av-inner-masonry main_color'><div class=\"av-masonry-outerimage-container\"><div class='av-masonry-image-container' style=\"background-image: url(https:\/\/triviumprocura.com\/wp-content\/uploads\/2022\/02\/Valores-Tecnologia2-Trivium.jpg);\"  title=\"Valores-Tecnologia2-Trivium\" ><\/div><\/div><figcaption class='av-inner-masonry-content site-background'><div class='av-inner-masonry-content-pos'><div class='av-inner-masonry-content-pos-content'><div class='avia-arrow'><\/div><div class='av-masonry-entry-content entry-content'  itemprop=\"text\" >TECNOLOGIA <p>Tenim a la nostra disposici\u00f3 un programari centralitzat que unifica tots els despatxos, permetent aix\u00ed donar resposta a tots els requeriments i necessitats que els clients i advocats ens vulguin proposar.<\/p><\/div><\/div><\/div><\/figcaption><\/figure><\/div><!--end av-masonry entry--><div id='av-masonry-1-item-690' data-av-masonry-item='690' class='av-masonry-entry isotope-item post-690 attachment type-attachment status-inherit hentry  av-masonry-item-with-image av-grid-img'    itemprop=\"thumbnailUrl\" ><div class='av-inner-masonry-sizer'><\/div><figure class='av-inner-masonry main_color'><div class=\"av-masonry-outerimage-container\"><div class='av-masonry-image-container' style=\"background-image: url(https:\/\/triviumprocura.com\/wp-content\/uploads\/2022\/02\/Valores-Territorio2-Trivium.jpg);\"  title=\"Valores-Territorio2-Trivium\" ><\/div><\/div><figcaption class='av-inner-masonry-content site-background'><div class='av-inner-masonry-content-pos'><div class='av-inner-masonry-content-pos-content'><div class='avia-arrow'><\/div><div class='av-masonry-entry-content entry-content'  itemprop=\"text\" >TERRITORI <p>Conscients del coneixement de les particularitats de cada jutjat \u00e9s fonamental per prestar un bon servei, a Trivium comptem amb un equip professional distribu\u00eft per tot el territori on som presents.<\/p><\/div><\/div><\/div><\/figcaption><\/figure><\/div><!--end av-masonry entry--><\/div><\/div><\/div><\/p>\n","protected":false},"excerpt":{"rendered":"","protected":false},"author":2,"featured_media":0,"parent":2214,"menu_order":0,"comment_status":"closed","ping_status":"closed","template":"","meta":{"footnotes":""},"class_list":["post-2213","page","type-page","status-publish","hentry"],"yoast_head":"<!-- This site is optimized with the Yoast SEO plugin v27.5 - https:\/\/yoast.com\/product\/yoast-seo-wordpress\/ -->\n<title>Valors - Trivium Procura<\/title>\n<meta name=\"robots\" content=\"index, follow, max-snippet:-1, max-image-preview:large, max-video-preview:-1\" \/>\n<link rel=\"canonical\" href=\"https:\/\/triviumprocura.com\/ca\/empresa\/valors\/\" \/>\n<meta property=\"og:locale\" content=\"ca_ES\" \/>\n<meta property=\"og:type\" content=\"article\" \/>\n<meta property=\"og:title\" content=\"Valors - Trivium Procura\" \/>\n<meta property=\"og:url\" content=\"https:\/\/triviumprocura.com\/ca\/empresa\/valors\/\" \/>\n<meta property=\"og:site_name\" content=\"Trivium Procura\" \/>\n<meta property=\"article:modified_time\" content=\"2026-01-15T09:04:11+00:00\" \/>\n<meta name=\"twitter:card\" content=\"summary_large_image\" \/>\n<meta name=\"twitter:site\" content=\"@triviumprocura\" \/>\n<meta name=\"twitter:label1\" content=\"Temps estimat de lectura\" \/>\n\t<meta name=\"twitter:data1\" content=\"2 minuts\" \/>\n<script type=\"application\/ld+json\" class=\"yoast-schema-graph\">{\"@context\":\"https:\\\/\\\/schema.org\",\"@graph\":[{\"@type\":\"WebPage\",\"@id\":\"https:\\\/\\\/triviumprocura.com\\\/ca\\\/empresa\\\/valors\\\/\",\"url\":\"https:\\\/\\\/triviumprocura.com\\\/ca\\\/empresa\\\/valors\\\/\",\"name\":\"Valors - Trivium Procura\",\"isPartOf\":{\"@id\":\"https:\\\/\\\/triviumprocura.com\\\/ca\\\/#website\"},\"datePublished\":\"2022-02-11T13:00:18+00:00\",\"dateModified\":\"2026-01-15T09:04:11+00:00\",\"breadcrumb\":{\"@id\":\"https:\\\/\\\/triviumprocura.com\\\/ca\\\/empresa\\\/valors\\\/#breadcrumb\"},\"inLanguage\":\"ca\",\"potentialAction\":[{\"@type\":\"ReadAction\",\"target\":[\"https:\\\/\\\/triviumprocura.com\\\/ca\\\/empresa\\\/valors\\\/\"]}]},{\"@type\":\"BreadcrumbList\",\"@id\":\"https:\\\/\\\/triviumprocura.com\\\/ca\\\/empresa\\\/valors\\\/#breadcrumb\",\"itemListElement\":[{\"@type\":\"ListItem\",\"position\":1,\"name\":\"Portada\",\"item\":\"https:\\\/\\\/triviumprocura.com\\\/ca\\\/inici\\\/\"},{\"@type\":\"ListItem\",\"position\":2,\"name\":\"Empresa\",\"item\":\"https:\\\/\\\/triviumprocura.comca\\\/empresa\\\/\"},{\"@type\":\"ListItem\",\"position\":3,\"name\":\"Valors\"}]},{\"@type\":\"WebSite\",\"@id\":\"https:\\\/\\\/triviumprocura.com\\\/ca\\\/#website\",\"url\":\"https:\\\/\\\/triviumprocura.com\\\/ca\\\/\",\"name\":\"Trivium Procura\",\"description\":\"Just another WordPress site\",\"publisher\":{\"@id\":\"https:\\\/\\\/triviumprocura.com\\\/ca\\\/#organization\"},\"potentialAction\":[{\"@type\":\"SearchAction\",\"target\":{\"@type\":\"EntryPoint\",\"urlTemplate\":\"https:\\\/\\\/triviumprocura.com\\\/ca\\\/?s={search_term_string}\"},\"query-input\":{\"@type\":\"PropertyValueSpecification\",\"valueRequired\":true,\"valueName\":\"search_term_string\"}}],\"inLanguage\":\"ca\"},{\"@type\":\"Organization\",\"@id\":\"https:\\\/\\\/triviumprocura.com\\\/ca\\\/#organization\",\"name\":\"Trivium Procura\",\"url\":\"https:\\\/\\\/triviumprocura.com\\\/ca\\\/\",\"logo\":{\"@type\":\"ImageObject\",\"inLanguage\":\"ca\",\"@id\":\"https:\\\/\\\/triviumprocura.com\\\/ca\\\/#\\\/schema\\\/logo\\\/image\\\/\",\"url\":\"https:\\\/\\\/triviumprocura.com\\\/wp-content\\\/uploads\\\/2022\\\/02\\\/LogoWeb-Trivium.png\",\"contentUrl\":\"https:\\\/\\\/triviumprocura.com\\\/wp-content\\\/uploads\\\/2022\\\/02\\\/LogoWeb-Trivium.png\",\"width\":300,\"height\":300,\"caption\":\"Trivium Procura\"},\"image\":{\"@id\":\"https:\\\/\\\/triviumprocura.com\\\/ca\\\/#\\\/schema\\\/logo\\\/image\\\/\"},\"sameAs\":[\"https:\\\/\\\/x.com\\\/triviumprocura\",\"http:\\\/\\\/es.linkedin.com\\\/pub\\\/trivium-procura\\\/84\\\/943\\\/a3\"]}]}<\/script>\n<!-- \/ Yoast SEO plugin. -->","yoast_head_json":{"title":"Valors - Trivium Procura","robots":{"index":"index","follow":"follow","max-snippet":"max-snippet:-1","max-image-preview":"max-image-preview:large","max-video-preview":"max-video-preview:-1"},"canonical":"https:\/\/triviumprocura.com\/ca\/empresa\/valors\/","og_locale":"ca_ES","og_type":"article","og_title":"Valors - Trivium Procura","og_url":"https:\/\/triviumprocura.com\/ca\/empresa\/valors\/","og_site_name":"Trivium Procura","article_modified_time":"2026-01-15T09:04:11+00:00","twitter_card":"summary_large_image","twitter_site":"@triviumprocura","twitter_misc":{"Temps estimat de lectura":"2 minuts"},"schema":{"@context":"https:\/\/schema.org","@graph":[{"@type":"WebPage","@id":"https:\/\/triviumprocura.com\/ca\/empresa\/valors\/","url":"https:\/\/triviumprocura.com\/ca\/empresa\/valors\/","name":"Valors - Trivium Procura","isPartOf":{"@id":"https:\/\/triviumprocura.com\/ca\/#website"},"datePublished":"2022-02-11T13:00:18+00:00","dateModified":"2026-01-15T09:04:11+00:00","breadcrumb":{"@id":"https:\/\/triviumprocura.com\/ca\/empresa\/valors\/#breadcrumb"},"inLanguage":"ca","potentialAction":[{"@type":"ReadAction","target":["https:\/\/triviumprocura.com\/ca\/empresa\/valors\/"]}]},{"@type":"BreadcrumbList","@id":"https:\/\/triviumprocura.com\/ca\/empresa\/valors\/#breadcrumb","itemListElement":[{"@type":"ListItem","position":1,"name":"Portada","item":"https:\/\/triviumprocura.com\/ca\/inici\/"},{"@type":"ListItem","position":2,"name":"Empresa","item":"https:\/\/triviumprocura.comca\/empresa\/"},{"@type":"ListItem","position":3,"name":"Valors"}]},{"@type":"WebSite","@id":"https:\/\/triviumprocura.com\/ca\/#website","url":"https:\/\/triviumprocura.com\/ca\/","name":"Trivium Procura","description":"Just another WordPress site","publisher":{"@id":"https:\/\/triviumprocura.com\/ca\/#organization"},"potentialAction":[{"@type":"SearchAction","target":{"@type":"EntryPoint","urlTemplate":"https:\/\/triviumprocura.com\/ca\/?s={search_term_string}"},"query-input":{"@type":"PropertyValueSpecification","valueRequired":true,"valueName":"search_term_string"}}],"inLanguage":"ca"},{"@type":"Organization","@id":"https:\/\/triviumprocura.com\/ca\/#organization","name":"Trivium Procura","url":"https:\/\/triviumprocura.com\/ca\/","logo":{"@type":"ImageObject","inLanguage":"ca","@id":"https:\/\/triviumprocura.com\/ca\/#\/schema\/logo\/image\/","url":"https:\/\/triviumprocura.com\/wp-content\/uploads\/2022\/02\/LogoWeb-Trivium.png","contentUrl":"https:\/\/triviumprocura.com\/wp-content\/uploads\/2022\/02\/LogoWeb-Trivium.png","width":300,"height":300,"caption":"Trivium Procura"},"image":{"@id":"https:\/\/triviumprocura.com\/ca\/#\/schema\/logo\/image\/"},"sameAs":["https:\/\/x.com\/triviumprocura","http:\/\/es.linkedin.com\/pub\/trivium-procura\/84\/943\/a3"]}]}},"_links":{"self":[{"href":"https:\/\/triviumprocura.com\/ca\/wp-json\/wp\/v2\/pages\/2213","targetHints":{"allow":["GET"]}}],"collection":[{"href":"https:\/\/triviumprocura.com\/ca\/wp-json\/wp\/v2\/pages"}],"about":[{"href":"https:\/\/triviumprocura.com\/ca\/wp-json\/wp\/v2\/types\/page"}],"author":[{"embeddable":true,"href":"https:\/\/triviumprocura.com\/ca\/wp-json\/wp\/v2\/users\/2"}],"replies":[{"embeddable":true,"href":"https:\/\/triviumprocura.com\/ca\/wp-json\/wp\/v2\/comments?post=2213"}],"version-history":[{"count":0,"href":"https:\/\/triviumprocura.com\/ca\/wp-json\/wp\/v2\/pages\/2213\/revisions"}],"up":[{"embeddable":true,"href":"https:\/\/triviumprocura.com\/ca\/wp-json\/wp\/v2\/pages\/2214"}],"wp:attachment":[{"href":"https:\/\/triviumprocura.com\/ca\/wp-json\/wp\/v2\/media?parent=2213"}],"curies":[{"name":"wp","href":"https:\/\/api.w.org\/{rel}","templated":true}]}}