{"id":2660,"date":"2026-03-31T07:06:31","date_gmt":"2026-03-31T07:06:31","guid":{"rendered":"https:\/\/triviumprocura.com\/politica-de-privacidad\/"},"modified":"2026-04-07T06:46:13","modified_gmt":"2026-04-07T06:46:13","slug":"politica-de-privacitat","status":"publish","type":"page","link":"https:\/\/triviumprocura.com\/ca\/politica-de-privacitat\/","title":{"rendered":"Pol\u00edtica de Privacitat"},"content":{"rendered":"\n<style type=\"text\/css\" data-created_by=\"avia_inline_auto\" id=\"style-css-av-av_section-7daaa7998d64c8221769eeb416f912fb\">\n.avia-section.av-av_section-7daaa7998d64c8221769eeb416f912fb{\nbackground-color:#878686;\nbackground:linear-gradient( to right, #878686, #009fe3 );\n}\n<\/style>\n<div id='av_section_1'  class='avia-section av-av_section-7daaa7998d64c8221769eeb416f912fb main_color avia-section-default avia-no-border-styling  avia-builder-el-0  el_before_av_section  avia-builder-el-first  avia-bg-style-scroll container_wrap sidebar_right'  ><div class='container av-section-cont-open' ><main  role=\"main\" itemprop=\"mainContentOfPage\"  class='template-page content  av-content-small alpha units'><div class='post-entry post-entry-type-page post-entry-2660'><div class='entry-content-wrapper clearfix'>\n<div  class='flex_column av-av_one_full-a93934ecd89fbb8a9566d39e89cd3725 av_one_full  avia-builder-el-1  avia-builder-el-no-sibling  first flex_column_div  '     ><style type=\"text\/css\" data-created_by=\"avia_inline_auto\" id=\"style-css-av-av_textblock-f03329c6032dac9102e1a4a4c321c14b\">\n#top .av_textblock_section.av-av_textblock-f03329c6032dac9102e1a4a4c321c14b .avia_textblock{\ncolor:#ffffff;\n}\n<\/style>\n<section  class='av_textblock_section av-av_textblock-f03329c6032dac9102e1a4a4c321c14b '   itemscope=\"itemscope\" itemtype=\"https:\/\/schema.org\/CreativeWork\" ><div class='avia_textblock av_inherit_color'  itemprop=\"text\" ><h2 style=\"text-align: center; font-weight: 400;\">POL\u00cdTICA DE PRIVACITAT<\/h2>\n<\/div><\/section><\/div>\n\n<\/div><\/div><\/main><!-- close content main element --><\/div><\/div><div id='av_section_2'  class='avia-section av-av_section-a5bb92af5cbc65a77be789e0dbf47f69 main_color avia-section-default avia-no-border-styling  avia-builder-el-3  el_after_av_section  avia-builder-el-last  avia-bg-style-scroll container_wrap sidebar_right'  ><div class='container av-section-cont-open' ><div class='template-page content  av-content-small alpha units'><div class='post-entry post-entry-type-page post-entry-2660'><div class='entry-content-wrapper clearfix'>\n<div  class='flex_column av-av_one_full-4453fbc7e8da734fe9d5824da1c72891 av_one_full  avia-builder-el-4  avia-builder-el-no-sibling  first flex_column_div  '     ><section  class='av_textblock_section av-mno99x7s-7f88b43cdf74c3637d0c2d6cd5c1ee35 '   itemscope=\"itemscope\" itemtype=\"https:\/\/schema.org\/CreativeWork\" ><div class='avia_textblock'  itemprop=\"text\" ><h5>1. QUI \u00c9S EL RESPONSABLE DEL TRACTAMENT DE LES SEVES DADES?<\/h5>\n<p>Identitat: TRIVIUM PROCESSAL, S.L.O<\/p>\n<p>CIF: B65795874<\/p>\n<p>Dir. Postal: Av. Parc, 1, entresol 1a, 08402 de Granollers (Barcelona)<\/p>\n<p>E-mail: rgpd@triviumprocura.com<\/p>\n<p>Contacte Delegat de Protecci\u00f3 de Dades: trivium@dpo-profesional.es<\/p>\n<h5>2. AMB QUINA FINALITAT TRACTEM LES SEVES DADES PERSONALS?<\/h5>\n<p>Depenent de com interactuis amb TRIVIUM PROCESSAL, S.L.O tractarem les teves dades personals per a les seg\u00fcents finalitats:<\/p>\n<table>\n<tbody>\n<tr>\n<td width=\"177\"><strong>TRACTAMENT<\/strong><\/td>\n<td width=\"509\"><strong>+info<\/strong><\/td>\n<\/tr>\n<tr>\n<td width=\"177\"><strong>1. Negocial<\/strong><\/td>\n<td width=\"509\">Tractem les seves dades de car\u00e0cter personal amb la finalitat de gestionar la relaci\u00f3 negocial que ens uneix, en tots els seus \u00e0mbits, des de l&#8217;execuci\u00f3 del contracte de prestaci\u00f3 de servei i tot el que porta aparellat, al manteniment de contacte i enviament de comunicacions comercials per via electr\u00f2nica.<\/td>\n<\/tr>\n<tr>\n<td width=\"177\"><strong>2. Contactes<\/strong><\/td>\n<td width=\"509\">Finalitat 1: Mantenir la nostra agenda de contactes,<\/p>\n<p>a) Com a persona de contacte per a mantenir relacions amb l&#8217;entitat jur\u00eddica o organitzaci\u00f3 en la qual vost\u00e8 presta els seus serveis.<\/p>\n<p>b) Com a interessat que s&#8217;ha posat en contacte amb nosaltres consultant-nos o sol\u00b7licitant-nos alguna informaci\u00f3, per a poder atendre-li.<\/p>\n<p>c) Com a persona de contacte per a mantenir relacions directament.<\/p>\n<p>Finalitat 2: L&#8217;enviament de comunicacions comercials, incl\u00f2s per correu electr\u00f2nic i altres mitjans de comunicaci\u00f3 electr\u00f2nica equivalents, sobre els nostres productes i serveis, aix\u00ed com informaci\u00f3 sobre esdeveniments i esdeveniments, en el cas que se li hagu\u00e9s sol\u00b7licitat la seva autoritzaci\u00f3 i ens l&#8217;hagu\u00e9s concedit.<\/td>\n<\/tr>\n<tr>\n<td width=\"177\"><strong>3. Gesti\u00f3 expedientis<\/strong><\/td>\n<td width=\"509\">Tractem les seves dades amb la finalitat de gestionar la gesti\u00f3 de l&#8217;expedient administratiu o judicial en tots els seus \u00e0mbits.<\/td>\n<\/tr>\n<\/tbody>\n<\/table>\n<p><strong> 3. <\/strong><strong>QUINA \u00c9S LA LEGITIMACI\u00d3 PER AL TRACTAMENT DE LES SEVES DADES?<\/strong><\/p>\n<p>La base legal que ens permet tractar les teves dades personals tamb\u00e9 dep\u00e8n de la finalitat per a la qual els tractem, segons l&#8217;explicat en la seg\u00fcent taula:<\/p>\n<table>\n<tbody>\n<tr>\n<td width=\"177\"><strong>TRACTAMENT<\/strong><\/td>\n<td width=\"509\"><strong>+info<\/strong><\/td>\n<\/tr>\n<tr>\n<td width=\"177\"><strong>1. Negocial<\/strong><\/td>\n<td width=\"509\">La base legal per al tractament de les seves dades \u00e9s per ser necessaris per a l&#8217;execuci\u00f3 de contracte de prestaci\u00f3 de serveis, en el qual vost\u00e8 \u00e9s part.<\/p>\n<p>El tractament per a realitzar-li comunicacions comercials per correu electr\u00f2nic o un altre mitj\u00e0 de comunicaci\u00f3 electr\u00f2nica es realitzaran a l&#8217;empara de l&#8217;art. 21.2 de la Llei 34\/2002 de serveis de la societat de la informaci\u00f3 i comer\u00e7 electr\u00f2nic que ens permet remetre-li comunicacions comercials similars o que guardin relaci\u00f3 amb el producte o servei adquirit originalment, en tant no manifesti la seva oposici\u00f3 a aquests enviaments.<\/td>\n<\/tr>\n<tr>\n<td width=\"177\"><strong>2. Contactes<\/strong><\/td>\n<td width=\"509\">La base legal per al tractament de les seves dades en la finalitat 1 de manteniment d&#8217;agenda de contactes \u00e9s<\/p>\n<p>a) En cas de tractar-se d&#8217;una persona de contacte per a mantenir relacions amb l&#8217;entitat jur\u00eddica o organitzaci\u00f3 en la qual vost\u00e8 presta els seus serveis, \u00e9s la satisfacci\u00f3 de l&#8217;inter\u00e8s leg\u00edtim del responsable, d&#8217;acord amb el que s&#8217;estableix en l&#8217;art. 6.1.f del RGPD.<\/p>\n<p>b) En cas d&#8217;interessat posat en contacte amb nosaltres, la base legal \u00e9s l&#8217;obtenci\u00f3 del seu consentiment.<\/p>\n<p>c) En cas de persona de contacte per a mantenir relacions directament, \u00e9s la satisfacci\u00f3 de l&#8217;inter\u00e8s leg\u00edtim del responsable, d&#8217;acord amb el que s&#8217;estableix en l&#8217;art. 6.1.f del RGPD.<\/p>\n<p>En la finalitat 2 d&#8217;enviament de comunicacions comercials, la base legal per al tractament de les seves dades \u00e9s l&#8217;obtenci\u00f3 del seu consentiment.<\/td>\n<\/tr>\n<tr>\n<td width=\"177\"><strong>3. Gesti\u00f3 expedientis<\/strong><\/td>\n<td width=\"509\">La base legal per al tractament de les seves dades \u00e9s l&#8217;obligaci\u00f3 legal, en tractar-se aquests en el marc del dret a la tutela judicial efectiva consagrat en l&#8217;art. 24.2 de la Constituci\u00f3 Espanyola.<\/td>\n<\/tr>\n<\/tbody>\n<\/table>\n<h5>4. DURANT QUANT TEMPS CONSERVAREM LES SEVES DADES?<\/h5>\n<p>El <strong>termini de conservaci\u00f3 <\/strong>de les teves dades dependr\u00e0 de les finalitats per a les quals els tractem, segons l&#8217;explicat a continuaci\u00f3:<\/p>\n<table>\n<tbody>\n<tr>\n<td width=\"177\"><strong>TRACTAMENT<\/strong><\/td>\n<td width=\"509\"><strong>+info<\/strong><\/td>\n<\/tr>\n<tr>\n<td width=\"177\"><strong>1. Negocial<\/strong><\/td>\n<td width=\"509\">Les dades personals proporcionades es conservaran mentre es mantingui la nostra relaci\u00f3 comercial i fins a cinc anys des de l&#8217;\u00faltima finalitzaci\u00f3 de servei.<\/td>\n<\/tr>\n<tr>\n<td width=\"177\"><strong>2. Contactes<\/strong><\/td>\n<td width=\"509\">Les dades personals proporcionades es conservaran en la finalitat 1:<\/p>\n<p>a) En cas de tractar-se d&#8217;una persona de contacte per a mantenir relacions amb l&#8217;entitat jur\u00eddica o organitzaci\u00f3 en la qual vost\u00e8 presta els seus serveis, es conservaran mentre es mantingui la nostra relaci\u00f3 amb aquesta entitat jur\u00eddica o organitzaci\u00f3, i fora de perill els terminis legals per les responsabilitats legals que poguessin derivar-se de la relaci\u00f3 amb l&#8217;entitat jur\u00eddica o organitzaci\u00f3.<\/p>\n<p>b) En cas d&#8217;interessat posat en contacte amb nosaltres, fins a 6 mesos despr\u00e9s d&#8217;atendre el seu requeriment, per si es produ\u00efssin per la seva part comunicacions posteriors en refer\u00e8ncia a aquesta consulta o requeriment d&#8217;informaci\u00f3.<\/p>\n<p>c) En cas de persona de contacte per a mantenir relacions directament, es conservaran en tant es mantingui la relaci\u00f3 i fora de perill els terminis legals de conservaci\u00f3.<\/p>\n<p>En la finalitat 2 d&#8217;enviament de comunicacions comercials, conservarem les seves dades en tant no ens manifesti la seva oposici\u00f3 a continuar rebent les nostres comunicacions.<\/td>\n<\/tr>\n<tr>\n<td width=\"177\"><strong>3. Gesti\u00f3 expedientis<\/strong><\/td>\n<td width=\"509\">Les dades personals es conservaran un m\u00ednim de 5 anys des de l&#8217;arxiu del procediment judicial o administratiu.<\/td>\n<\/tr>\n<\/tbody>\n<\/table>\n<h5><strong> 5. <\/strong><strong>COMPARTIREM LES SEVES DADES AMB TERCERS?<\/strong><\/h5>\n<table>\n<tbody>\n<tr>\n<td width=\"177\"><strong>TRACTAMENT<\/strong><\/td>\n<td width=\"509\"><strong>+info<\/strong><\/td>\n<\/tr>\n<tr>\n<td width=\"177\"><strong>1. Negocial<\/strong><\/td>\n<td width=\"509\">Durant el per\u00edode de durada del tractament, TRIVIUM PROCESSAL, S.L.O podr\u00e0 comunicar les seves dades a altres empreses de PFS Group per a fins administratius interns. No realitzar\u00e0 cap altra cessi\u00f3, excepte obligaci\u00f3 legal, ni tampoc cap transfer\u00e8ncia.<\/td>\n<\/tr>\n<tr>\n<td width=\"177\"><strong>2. Contactes<\/strong><\/td>\n<td width=\"509\">Durant el per\u00edode de durada del tractament, TRIVIUM PROCESSAL, SLP podr\u00e0 comunicar les seves dades a altres empreses de PFS Group amb la finalitat de poder atendre el seu contacte. No realitzar\u00e0 cap altra cessi\u00f3, excepte obligaci\u00f3 legal, ni tampoc cap transfer\u00e8ncia.<\/td>\n<\/tr>\n<tr>\n<td width=\"177\"><strong>3. Gesti\u00f3 expedientis<\/strong><\/td>\n<td width=\"509\">No es comunicaran dades a tercers, excepte obligaci\u00f3 legal.<\/td>\n<\/tr>\n<\/tbody>\n<\/table>\n<p>En TRIVIUM PROCESSAL, S.L.O comptarem amb la col\u00b7laboraci\u00f3 de tercers prestadors de serveis que en cada cas h\u00e0gim pogut contractar i que, per a la prestaci\u00f3 d&#8217;aquest servei, pot ser necessari que tinguin acc\u00e9s a les seves dades de car\u00e0cter personal, per\u00f2 que els tractaran amb totes les garanties legals exigibles, seguint les nostres instruccions i pr\u00e8via subscripci\u00f3 d&#8217;un contracte de protecci\u00f3 de dades en les quals exigim, entre altres, tractar les dades exclusivament per a les finalitats pactades, aplicar mesures t\u00e8cniques i organitzatives adequades, aix\u00ed com suprimir i retornar les dades a la finalitzaci\u00f3 del servei.<\/p>\n<p>En TRIVIUM PROCESSAL, SLU seguim uns criteris estrictes de selecci\u00f3 de tercers prestadors de serveis amb la finalitat de donar compliment a les nostres obligacions en mat\u00e8ria de protecci\u00f3 de dades.<\/p>\n<h5>6. QUINS S\u00d3N ELS SEUS DRETS QUAN ENS FACILITA LES SEVES DADES?<\/h5>\n<p>Ens comprometem a respectar la confidencialitat de les seves dades personals i a garantir-te l&#8217;exercici dels seus drets. Qualsevol persona t\u00e9 dret a obtenir confirmaci\u00f3 sobre si en TRIVIUM PROCESSAL, S.L.O estem tractant dades personals que el concerneixin o no.<\/p>\n<p>Aix\u00ed mateix, t\u00e9:<\/p>\n<ul>\n<li>Dret a sol\u00b7licitar l&#8217;acc\u00e9s a les seves dades personals.<\/li>\n<li>Dret a sol\u00b7licitar la seva rectificaci\u00f3<\/li>\n<li>Dret a sol\u00b7licitar la seva supressi\u00f3.<\/li>\n<li>Dret a sol\u00b7licitar la limitaci\u00f3 del seu tractament.<\/li>\n<li>Dret a oposar-se al tractament.<\/li>\n<li>Dret a la portabilitat de les dades.<\/li>\n<li>Dret a retirar el consentiment prestat.<\/li>\n<li>Dret d&#8217;informaci\u00f3<\/li>\n<li>Dret a oposar-se a ser objecte de decisions individuals automatitzades<\/li>\n<\/ul>\n<p>Per a exercir els teus drets, dirigeix un escrit adjuntant c\u00f2pia del teu DNI a:<\/p>\n<p>TRIVIUM PROCESSAL, SLP<\/p>\n<p>Exercici drets protecci\u00f3 de dades<\/p>\n<p>Av. Parc 1, entresol 1a<\/p>\n<p>08402 &#8211; GRANOLLERS &#8211; BARCELONA<\/p>\n<p>o b\u00e9 remeti un email a: rgpd@triviumprocura.com<\/p>\n<p>Aix\u00ed mateix, l&#8217;informem que pot dirigir-se a l&#8217;Ag\u00e8ncia Espanyola de Protecci\u00f3 de Dades (www.agpd.es) per a obtenir informaci\u00f3 addicional o per a presentar una reclamaci\u00f3, per exemple, si no ha obtingut satisfacci\u00f3 en l&#8217;exercici dels seus drets.<\/p>\n<\/div><\/section><\/div><\/div><\/div><\/div><!-- close content main div --><\/div><\/div><div id='after_section_2'  class='main_color av_default_container_wrap container_wrap sidebar_right'  ><div class='container av-section-cont-open' ><div class='template-page content  av-content-small alpha units'><div class='post-entry post-entry-type-page post-entry-2660'><div class='entry-content-wrapper clearfix'>\n","protected":false},"excerpt":{"rendered":"","protected":false},"author":2,"featured_media":0,"parent":0,"menu_order":0,"comment_status":"closed","ping_status":"closed","template":"","meta":{"footnotes":""},"class_list":["post-2660","page","type-page","status-publish","hentry"],"yoast_head":"<!-- This site is optimized with the Yoast SEO plugin v27.3 - https:\/\/yoast.com\/product\/yoast-seo-wordpress\/ -->\n<title>Pol\u00edtica de Privacitat - Trivium Procura<\/title>\n<meta name=\"robots\" content=\"index, follow, max-snippet:-1, max-image-preview:large, max-video-preview:-1\" \/>\n<link rel=\"canonical\" href=\"https:\/\/triviumprocura.com\/ca\/politica-de-privacitat\/\" \/>\n<meta property=\"og:locale\" content=\"ca_ES\" \/>\n<meta property=\"og:type\" content=\"article\" \/>\n<meta property=\"og:title\" content=\"Pol\u00edtica de Privacitat - Trivium Procura\" \/>\n<meta property=\"og:url\" content=\"https:\/\/triviumprocura.com\/ca\/politica-de-privacitat\/\" \/>\n<meta property=\"og:site_name\" content=\"Trivium Procura\" \/>\n<meta property=\"article:modified_time\" content=\"2026-04-07T06:46:13+00:00\" \/>\n<meta name=\"twitter:card\" content=\"summary_large_image\" \/>\n<meta name=\"twitter:site\" content=\"@triviumprocura\" \/>\n<meta name=\"twitter:label1\" content=\"Temps estimat de lectura\" \/>\n\t<meta name=\"twitter:data1\" content=\"4 minuts\" \/>\n<script type=\"application\/ld+json\" class=\"yoast-schema-graph\">{\"@context\":\"https:\\\/\\\/schema.org\",\"@graph\":[{\"@type\":\"WebPage\",\"@id\":\"https:\\\/\\\/triviumprocura.com\\\/ca\\\/politica-de-privacitat\\\/\",\"url\":\"https:\\\/\\\/triviumprocura.com\\\/ca\\\/politica-de-privacitat\\\/\",\"name\":\"Pol\u00edtica de Privacitat - Trivium Procura\",\"isPartOf\":{\"@id\":\"https:\\\/\\\/triviumprocura.com\\\/ca\\\/#website\"},\"datePublished\":\"2026-03-31T07:06:31+00:00\",\"dateModified\":\"2026-04-07T06:46:13+00:00\",\"breadcrumb\":{\"@id\":\"https:\\\/\\\/triviumprocura.com\\\/ca\\\/politica-de-privacitat\\\/#breadcrumb\"},\"inLanguage\":\"ca\",\"potentialAction\":[{\"@type\":\"ReadAction\",\"target\":[\"https:\\\/\\\/triviumprocura.com\\\/ca\\\/politica-de-privacitat\\\/\"]}]},{\"@type\":\"BreadcrumbList\",\"@id\":\"https:\\\/\\\/triviumprocura.com\\\/ca\\\/politica-de-privacitat\\\/#breadcrumb\",\"itemListElement\":[{\"@type\":\"ListItem\",\"position\":1,\"name\":\"Portada\",\"item\":\"https:\\\/\\\/triviumprocura.com\\\/ca\\\/inici\\\/\"},{\"@type\":\"ListItem\",\"position\":2,\"name\":\"Pol\u00edtica de Privacitat\"}]},{\"@type\":\"WebSite\",\"@id\":\"https:\\\/\\\/triviumprocura.com\\\/ca\\\/#website\",\"url\":\"https:\\\/\\\/triviumprocura.com\\\/ca\\\/\",\"name\":\"Trivium Procura\",\"description\":\"Just another WordPress site\",\"publisher\":{\"@id\":\"https:\\\/\\\/triviumprocura.com\\\/ca\\\/#organization\"},\"potentialAction\":[{\"@type\":\"SearchAction\",\"target\":{\"@type\":\"EntryPoint\",\"urlTemplate\":\"https:\\\/\\\/triviumprocura.com\\\/ca\\\/?s={search_term_string}\"},\"query-input\":{\"@type\":\"PropertyValueSpecification\",\"valueRequired\":true,\"valueName\":\"search_term_string\"}}],\"inLanguage\":\"ca\"},{\"@type\":\"Organization\",\"@id\":\"https:\\\/\\\/triviumprocura.com\\\/ca\\\/#organization\",\"name\":\"Trivium Procura\",\"url\":\"https:\\\/\\\/triviumprocura.com\\\/ca\\\/\",\"logo\":{\"@type\":\"ImageObject\",\"inLanguage\":\"ca\",\"@id\":\"https:\\\/\\\/triviumprocura.com\\\/ca\\\/#\\\/schema\\\/logo\\\/image\\\/\",\"url\":\"https:\\\/\\\/triviumprocura.com\\\/wp-content\\\/uploads\\\/2022\\\/02\\\/LogoWeb-Trivium.png\",\"contentUrl\":\"https:\\\/\\\/triviumprocura.com\\\/wp-content\\\/uploads\\\/2022\\\/02\\\/LogoWeb-Trivium.png\",\"width\":300,\"height\":300,\"caption\":\"Trivium Procura\"},\"image\":{\"@id\":\"https:\\\/\\\/triviumprocura.com\\\/ca\\\/#\\\/schema\\\/logo\\\/image\\\/\"},\"sameAs\":[\"https:\\\/\\\/x.com\\\/triviumprocura\",\"http:\\\/\\\/es.linkedin.com\\\/pub\\\/trivium-procura\\\/84\\\/943\\\/a3\"]}]}<\/script>\n<!-- \/ Yoast SEO plugin. -->","yoast_head_json":{"title":"Pol\u00edtica de Privacitat - Trivium Procura","robots":{"index":"index","follow":"follow","max-snippet":"max-snippet:-1","max-image-preview":"max-image-preview:large","max-video-preview":"max-video-preview:-1"},"canonical":"https:\/\/triviumprocura.com\/ca\/politica-de-privacitat\/","og_locale":"ca_ES","og_type":"article","og_title":"Pol\u00edtica de Privacitat - Trivium Procura","og_url":"https:\/\/triviumprocura.com\/ca\/politica-de-privacitat\/","og_site_name":"Trivium Procura","article_modified_time":"2026-04-07T06:46:13+00:00","twitter_card":"summary_large_image","twitter_site":"@triviumprocura","twitter_misc":{"Temps estimat de lectura":"4 minuts"},"schema":{"@context":"https:\/\/schema.org","@graph":[{"@type":"WebPage","@id":"https:\/\/triviumprocura.com\/ca\/politica-de-privacitat\/","url":"https:\/\/triviumprocura.com\/ca\/politica-de-privacitat\/","name":"Pol\u00edtica de Privacitat - Trivium Procura","isPartOf":{"@id":"https:\/\/triviumprocura.com\/ca\/#website"},"datePublished":"2026-03-31T07:06:31+00:00","dateModified":"2026-04-07T06:46:13+00:00","breadcrumb":{"@id":"https:\/\/triviumprocura.com\/ca\/politica-de-privacitat\/#breadcrumb"},"inLanguage":"ca","potentialAction":[{"@type":"ReadAction","target":["https:\/\/triviumprocura.com\/ca\/politica-de-privacitat\/"]}]},{"@type":"BreadcrumbList","@id":"https:\/\/triviumprocura.com\/ca\/politica-de-privacitat\/#breadcrumb","itemListElement":[{"@type":"ListItem","position":1,"name":"Portada","item":"https:\/\/triviumprocura.com\/ca\/inici\/"},{"@type":"ListItem","position":2,"name":"Pol\u00edtica de Privacitat"}]},{"@type":"WebSite","@id":"https:\/\/triviumprocura.com\/ca\/#website","url":"https:\/\/triviumprocura.com\/ca\/","name":"Trivium Procura","description":"Just another WordPress site","publisher":{"@id":"https:\/\/triviumprocura.com\/ca\/#organization"},"potentialAction":[{"@type":"SearchAction","target":{"@type":"EntryPoint","urlTemplate":"https:\/\/triviumprocura.com\/ca\/?s={search_term_string}"},"query-input":{"@type":"PropertyValueSpecification","valueRequired":true,"valueName":"search_term_string"}}],"inLanguage":"ca"},{"@type":"Organization","@id":"https:\/\/triviumprocura.com\/ca\/#organization","name":"Trivium Procura","url":"https:\/\/triviumprocura.com\/ca\/","logo":{"@type":"ImageObject","inLanguage":"ca","@id":"https:\/\/triviumprocura.com\/ca\/#\/schema\/logo\/image\/","url":"https:\/\/triviumprocura.com\/wp-content\/uploads\/2022\/02\/LogoWeb-Trivium.png","contentUrl":"https:\/\/triviumprocura.com\/wp-content\/uploads\/2022\/02\/LogoWeb-Trivium.png","width":300,"height":300,"caption":"Trivium Procura"},"image":{"@id":"https:\/\/triviumprocura.com\/ca\/#\/schema\/logo\/image\/"},"sameAs":["https:\/\/x.com\/triviumprocura","http:\/\/es.linkedin.com\/pub\/trivium-procura\/84\/943\/a3"]}]}},"_links":{"self":[{"href":"https:\/\/triviumprocura.com\/ca\/wp-json\/wp\/v2\/pages\/2660","targetHints":{"allow":["GET"]}}],"collection":[{"href":"https:\/\/triviumprocura.com\/ca\/wp-json\/wp\/v2\/pages"}],"about":[{"href":"https:\/\/triviumprocura.com\/ca\/wp-json\/wp\/v2\/types\/page"}],"author":[{"embeddable":true,"href":"https:\/\/triviumprocura.com\/ca\/wp-json\/wp\/v2\/users\/2"}],"replies":[{"embeddable":true,"href":"https:\/\/triviumprocura.com\/ca\/wp-json\/wp\/v2\/comments?post=2660"}],"version-history":[{"count":3,"href":"https:\/\/triviumprocura.com\/ca\/wp-json\/wp\/v2\/pages\/2660\/revisions"}],"predecessor-version":[{"id":2667,"href":"https:\/\/triviumprocura.com\/ca\/wp-json\/wp\/v2\/pages\/2660\/revisions\/2667"}],"wp:attachment":[{"href":"https:\/\/triviumprocura.com\/ca\/wp-json\/wp\/v2\/media?parent=2660"}],"curies":[{"name":"wp","href":"https:\/\/api.w.org\/{rel}","templated":true}]}}