{"id":2675,"date":"2026-05-06T06:42:38","date_gmt":"2026-05-06T06:42:38","guid":{"rendered":"https:\/\/triviumprocura.com\/politica-de-seguridad\/"},"modified":"2026-05-06T06:51:13","modified_gmt":"2026-05-06T06:51:13","slug":"politica-de-seguretat","status":"publish","type":"page","link":"https:\/\/triviumprocura.com\/ca\/politica-de-seguretat\/","title":{"rendered":"Pol\u00edtica de seguretat"},"content":{"rendered":"<div id='av_section_1'  class='avia-section av-4n0se7-d39a09cb0063de513224ce2c0a0a2610 main_color avia-section-default avia-no-border-styling  avia-builder-el-0  avia-builder-el-no-sibling  avia-bg-style-scroll container_wrap sidebar_right'  ><div class='container av-section-cont-open' ><main  role=\"main\" itemprop=\"mainContentOfPage\"  class='template-page content  av-content-small alpha units'><div class='post-entry post-entry-type-page post-entry-2675'><div class='entry-content-wrapper clearfix'>\n<div  class='flex_column av-1z7pq7-77486be5d5efe80b908aa8f42bce97e8 av_one_full  avia-builder-el-1  avia-builder-el-no-sibling  first flex_column_div  '     ><section  class='av_textblock_section av-motowz9m-1b16e55007fbc8f363448eed032d8b56 '   itemscope=\"itemscope\" itemtype=\"https:\/\/schema.org\/CreativeWork\" ><div class='avia_textblock'  itemprop=\"text\" ><blockquote>\n<h2>POL\u00cdTICA DE SEGURETAT<\/h2>\n<\/blockquote>\n<ol>\n<li><strong> Introducci\u00f3<\/strong><\/li>\n<\/ol>\n<p>La Direcci\u00f3 de Trivium Processal, SLU considera la seguretat de la informaci\u00f3 un aspecte fonamental en l&#8217;estrat\u00e8gia de la companyia, ja que una adequada protecci\u00f3 millora el rendiment general dels nostres processos de negoci i la confian\u00e7a que els clients dipositen en la nostra organitzaci\u00f3, facilitant aix\u00ed el creixement de la nostra activitat i afecta positivament a la nostra imatge i reputaci\u00f3.<\/p>\n<p>La present pol\u00edtica t\u00e9 com a objectiu establir el comprom\u00eds de la Direcci\u00f3 de Trivium Processal, SLU entorn de la seguretat de la informaci\u00f3 i a la protecci\u00f3 dels seus actius d&#8217;informaci\u00f3, fonamentals per al correcte desenvolupament dels processos de negoci i la consecuci\u00f3 dels nostres objectius.<\/p>\n<p>Aquest comprom\u00eds es materialitza en la implantaci\u00f3 d&#8217;un Sistema de Gesti\u00f3 de la Seguretat de la Informaci\u00f3 (SGSI), basat en la norma ISO\/IEC 27001:2022 que, partint d&#8217;una metodologia de gesti\u00f3 de riscos que analitzi regularment el grau d&#8217;exposici\u00f3 dels nostres actius d&#8217;informaci\u00f3 enfront d&#8217;aquelles amenaces que puguin produir impactes adversos en la nostra activitat, garanteixi la continu\u00eftat de negoci, minimitzi els riscos als quals la companyia est\u00e0 exposada i, en cas de materialitzar-se alguna amena\u00e7a, redueixi el seu impacte en l&#8217;organitzaci\u00f3.<\/p>\n<p>El compliment d&#8217;aquesta pol\u00edtica, aix\u00ed com de qualsevol procediment o documentaci\u00f3 inclosa dins del SGSI, \u00e9s obligatori i concerneix a tot el personal de l&#8217;organitzaci\u00f3, aix\u00ed com a tot el personal extern incl\u00f2s dins de l&#8217;abast del SGSI, que ser\u00e0 supervisat pel personal intern per al compliment d&#8217;aquest. La Direcci\u00f3 ha establert incloure dins de l&#8217;abast del SGSI a tots els seus actius corporatius, aix\u00ed com totes les seves seus f\u00edsiques.<\/p>\n<p>Aquesta pol\u00edtica es revisar\u00e0 i, si \u00e9s el cas, actualitzar\u00e0 regularment, com a m\u00ednim una vegada a l&#8217;any i sempre que concorrin circumst\u00e0ncies que aix\u00ed ho aconsellin, com ara canvis organitzatius o modificacions en la legislaci\u00f3 vigent amb l&#8217;objectiu permanent de la millora cont\u00ednua.<\/p>\n<ol start=\"2\">\n<li><strong> Objectius<\/strong><\/li>\n<\/ol>\n<p>La pol\u00edtica de seguretat de la informaci\u00f3 ha d&#8217;assegurar els seg\u00fcents objectius:<\/p>\n<p>Protegir el correcte desenvolupament dels processos de negoci de l&#8217;organitzaci\u00f3 i estar alineada amb els objectius de l&#8217;organitzaci\u00f3.<\/p>\n<p>Custodiar adequadament la informaci\u00f3 proporcionada pels nostres clients.<\/p>\n<p>Garantir la confidencialitat, integritat i disponibilitat de la informaci\u00f3 rellevant per a la companyia.<\/p>\n<p>Minimitzar l&#8217;exposici\u00f3 de risc de la companyia.<\/p>\n<p>Complir amb tots aquells requeriments legals, reguladors i estatutaris que li siguin aplicable, especialment els relatius a Societat de la Informaci\u00f3, Protecci\u00f3 de Dades Personals i Signatura Electr\u00f2nica; aix\u00ed com els requisits contractuals que la companyia adquireixi amb els seus clients, especialment els relacionats amb la seguretat de la informaci\u00f3.<\/p>\n<p>Fomentar una cultura corporativa en seguretat de la informaci\u00f3.<\/p>\n<p>Analitzar qualsevol incident relacionat amb la seguretat de la informaci\u00f3 que pogu\u00e9s esdevenir, amb la finalitat d&#8217;aplicar les mesures correctives i\/o preventives necess\u00e0ries.<\/p>\n<ol start=\"3\">\n<li><strong> Compromisos<\/strong><\/li>\n<\/ol>\n<p>Per a aconseguir tots aquests objectius, la Direcci\u00f3 de Trivium Processal, SLU es compromet a:<\/p>\n<p>Facilitar i proporcionar els mitjans i les persones necessaris per a l&#8217;establiment, implantaci\u00f3, manteniment i millora del SGSI.<\/p>\n<p>Entendre i donar cobertura a les necessitats de totes les parts interessades.<\/p>\n<p>Fer seguiment dels riscos en seguretat de la informaci\u00f3 i adoptar les mesures necess\u00e0ries perqu\u00e8 aquests es mantinguin en nivells acceptables.<\/p>\n<p>Establir les mesures t\u00e8cniques i els controls necessaris per a la correcta protecci\u00f3 dels seus actius d&#8217;informaci\u00f3.<\/p>\n<p>Elaborar i implantar normes, procediments i instruccions de treball per al desenvolupament segur de l&#8217;activitat del seu personal.<\/p>\n<p>Garantir que el personal conegui i aplicaci\u00f3 les normes i protocols establerts, amb l&#8217;objectiu de mitigar els riscos associats a l&#8217;\u00fas de la tecnologia en l&#8217;organitzaci\u00f3.<\/p>\n<p>Establir i fer seguiment d&#8217;indicadors i m\u00e8triques que permetin avaluar el nivell de seguretat de l&#8217;organitzaci\u00f3, aix\u00ed com assegurar la realitzaci\u00f3 d&#8217;auditories peri\u00f2diques i l&#8217;an\u00e0lisi dels seus resultats amb la finalitat de solucionar febleses i aprofitar oportunitats de millora.<\/p>\n<p>Crear una estructura organitzativa amb rols i responsabilitats definits sota criteris de m\u00ednim privilegi que minimitzin els riscos operacionals.<\/p>\n<p>Proporcionar la formaci\u00f3 adequada sobre la seguretat dels sistemes inform\u00e0tics.<\/p>\n<p>Comunicar la pol\u00edtica a totes les parts interessades i formar a tot el seu personal de manera adequada en seguretat de la informaci\u00f3.<\/p>\n<p>Estar en continu contacte amb les autoritats i organismes nacionals i internacionals en mat\u00e8ria de seguretat de la informaci\u00f3.<\/p>\n<p>\u00daltima actualitzaci\u00f3: 10\/02\/2026<\/p>\n<\/div><\/section><\/div><\/div><\/div><\/main><!-- close content main element --><\/div><\/div><div id='after_section_1'  class='main_color av_default_container_wrap container_wrap sidebar_right'  ><div class='container av-section-cont-open' ><div class='template-page content  av-content-small alpha units'><div class='post-entry post-entry-type-page post-entry-2675'><div class='entry-content-wrapper clearfix'>\n","protected":false},"excerpt":{"rendered":"","protected":false},"author":2,"featured_media":0,"parent":0,"menu_order":0,"comment_status":"closed","ping_status":"closed","template":"","meta":{"footnotes":""},"class_list":["post-2675","page","type-page","status-publish","hentry"],"yoast_head":"<!-- This site is optimized with the Yoast SEO plugin v27.5 - https:\/\/yoast.com\/product\/yoast-seo-wordpress\/ -->\n<title>Pol\u00edtica de seguretat - Trivium Procura<\/title>\n<meta name=\"robots\" content=\"index, follow, max-snippet:-1, max-image-preview:large, max-video-preview:-1\" \/>\n<link rel=\"canonical\" href=\"https:\/\/triviumprocura.com\/ca\/politica-de-seguretat\/\" \/>\n<meta property=\"og:locale\" content=\"ca_ES\" \/>\n<meta property=\"og:type\" content=\"article\" \/>\n<meta property=\"og:title\" content=\"Pol\u00edtica de seguretat - Trivium Procura\" \/>\n<meta property=\"og:url\" content=\"https:\/\/triviumprocura.com\/ca\/politica-de-seguretat\/\" \/>\n<meta property=\"og:site_name\" content=\"Trivium Procura\" \/>\n<meta property=\"article:modified_time\" content=\"2026-05-06T06:51:13+00:00\" \/>\n<meta name=\"twitter:card\" content=\"summary_large_image\" \/>\n<meta name=\"twitter:site\" content=\"@triviumprocura\" \/>\n<meta name=\"twitter:label1\" content=\"Temps estimat de lectura\" \/>\n\t<meta name=\"twitter:data1\" content=\"4 minuts\" \/>\n<script type=\"application\/ld+json\" class=\"yoast-schema-graph\">{\"@context\":\"https:\\\/\\\/schema.org\",\"@graph\":[{\"@type\":\"WebPage\",\"@id\":\"https:\\\/\\\/triviumprocura.com\\\/ca\\\/politica-de-seguretat\\\/\",\"url\":\"https:\\\/\\\/triviumprocura.com\\\/ca\\\/politica-de-seguretat\\\/\",\"name\":\"Pol\u00edtica de seguretat - Trivium Procura\",\"isPartOf\":{\"@id\":\"https:\\\/\\\/triviumprocura.com\\\/ca\\\/#website\"},\"datePublished\":\"2026-05-06T06:42:38+00:00\",\"dateModified\":\"2026-05-06T06:51:13+00:00\",\"breadcrumb\":{\"@id\":\"https:\\\/\\\/triviumprocura.com\\\/ca\\\/politica-de-seguretat\\\/#breadcrumb\"},\"inLanguage\":\"ca\",\"potentialAction\":[{\"@type\":\"ReadAction\",\"target\":[\"https:\\\/\\\/triviumprocura.com\\\/ca\\\/politica-de-seguretat\\\/\"]}]},{\"@type\":\"BreadcrumbList\",\"@id\":\"https:\\\/\\\/triviumprocura.com\\\/ca\\\/politica-de-seguretat\\\/#breadcrumb\",\"itemListElement\":[{\"@type\":\"ListItem\",\"position\":1,\"name\":\"Portada\",\"item\":\"https:\\\/\\\/triviumprocura.com\\\/ca\\\/inici\\\/\"},{\"@type\":\"ListItem\",\"position\":2,\"name\":\"Pol\u00edtica de seguretat\"}]},{\"@type\":\"WebSite\",\"@id\":\"https:\\\/\\\/triviumprocura.com\\\/ca\\\/#website\",\"url\":\"https:\\\/\\\/triviumprocura.com\\\/ca\\\/\",\"name\":\"Trivium Procura\",\"description\":\"Just another WordPress site\",\"publisher\":{\"@id\":\"https:\\\/\\\/triviumprocura.com\\\/ca\\\/#organization\"},\"potentialAction\":[{\"@type\":\"SearchAction\",\"target\":{\"@type\":\"EntryPoint\",\"urlTemplate\":\"https:\\\/\\\/triviumprocura.com\\\/ca\\\/?s={search_term_string}\"},\"query-input\":{\"@type\":\"PropertyValueSpecification\",\"valueRequired\":true,\"valueName\":\"search_term_string\"}}],\"inLanguage\":\"ca\"},{\"@type\":\"Organization\",\"@id\":\"https:\\\/\\\/triviumprocura.com\\\/ca\\\/#organization\",\"name\":\"Trivium Procura\",\"url\":\"https:\\\/\\\/triviumprocura.com\\\/ca\\\/\",\"logo\":{\"@type\":\"ImageObject\",\"inLanguage\":\"ca\",\"@id\":\"https:\\\/\\\/triviumprocura.com\\\/ca\\\/#\\\/schema\\\/logo\\\/image\\\/\",\"url\":\"https:\\\/\\\/triviumprocura.com\\\/wp-content\\\/uploads\\\/2022\\\/02\\\/LogoWeb-Trivium.png\",\"contentUrl\":\"https:\\\/\\\/triviumprocura.com\\\/wp-content\\\/uploads\\\/2022\\\/02\\\/LogoWeb-Trivium.png\",\"width\":300,\"height\":300,\"caption\":\"Trivium Procura\"},\"image\":{\"@id\":\"https:\\\/\\\/triviumprocura.com\\\/ca\\\/#\\\/schema\\\/logo\\\/image\\\/\"},\"sameAs\":[\"https:\\\/\\\/x.com\\\/triviumprocura\",\"http:\\\/\\\/es.linkedin.com\\\/pub\\\/trivium-procura\\\/84\\\/943\\\/a3\"]}]}<\/script>\n<!-- \/ Yoast SEO plugin. -->","yoast_head_json":{"title":"Pol\u00edtica de seguretat - Trivium Procura","robots":{"index":"index","follow":"follow","max-snippet":"max-snippet:-1","max-image-preview":"max-image-preview:large","max-video-preview":"max-video-preview:-1"},"canonical":"https:\/\/triviumprocura.com\/ca\/politica-de-seguretat\/","og_locale":"ca_ES","og_type":"article","og_title":"Pol\u00edtica de seguretat - Trivium Procura","og_url":"https:\/\/triviumprocura.com\/ca\/politica-de-seguretat\/","og_site_name":"Trivium Procura","article_modified_time":"2026-05-06T06:51:13+00:00","twitter_card":"summary_large_image","twitter_site":"@triviumprocura","twitter_misc":{"Temps estimat de lectura":"4 minuts"},"schema":{"@context":"https:\/\/schema.org","@graph":[{"@type":"WebPage","@id":"https:\/\/triviumprocura.com\/ca\/politica-de-seguretat\/","url":"https:\/\/triviumprocura.com\/ca\/politica-de-seguretat\/","name":"Pol\u00edtica de seguretat - Trivium Procura","isPartOf":{"@id":"https:\/\/triviumprocura.com\/ca\/#website"},"datePublished":"2026-05-06T06:42:38+00:00","dateModified":"2026-05-06T06:51:13+00:00","breadcrumb":{"@id":"https:\/\/triviumprocura.com\/ca\/politica-de-seguretat\/#breadcrumb"},"inLanguage":"ca","potentialAction":[{"@type":"ReadAction","target":["https:\/\/triviumprocura.com\/ca\/politica-de-seguretat\/"]}]},{"@type":"BreadcrumbList","@id":"https:\/\/triviumprocura.com\/ca\/politica-de-seguretat\/#breadcrumb","itemListElement":[{"@type":"ListItem","position":1,"name":"Portada","item":"https:\/\/triviumprocura.com\/ca\/inici\/"},{"@type":"ListItem","position":2,"name":"Pol\u00edtica de seguretat"}]},{"@type":"WebSite","@id":"https:\/\/triviumprocura.com\/ca\/#website","url":"https:\/\/triviumprocura.com\/ca\/","name":"Trivium Procura","description":"Just another WordPress site","publisher":{"@id":"https:\/\/triviumprocura.com\/ca\/#organization"},"potentialAction":[{"@type":"SearchAction","target":{"@type":"EntryPoint","urlTemplate":"https:\/\/triviumprocura.com\/ca\/?s={search_term_string}"},"query-input":{"@type":"PropertyValueSpecification","valueRequired":true,"valueName":"search_term_string"}}],"inLanguage":"ca"},{"@type":"Organization","@id":"https:\/\/triviumprocura.com\/ca\/#organization","name":"Trivium Procura","url":"https:\/\/triviumprocura.com\/ca\/","logo":{"@type":"ImageObject","inLanguage":"ca","@id":"https:\/\/triviumprocura.com\/ca\/#\/schema\/logo\/image\/","url":"https:\/\/triviumprocura.com\/wp-content\/uploads\/2022\/02\/LogoWeb-Trivium.png","contentUrl":"https:\/\/triviumprocura.com\/wp-content\/uploads\/2022\/02\/LogoWeb-Trivium.png","width":300,"height":300,"caption":"Trivium Procura"},"image":{"@id":"https:\/\/triviumprocura.com\/ca\/#\/schema\/logo\/image\/"},"sameAs":["https:\/\/x.com\/triviumprocura","http:\/\/es.linkedin.com\/pub\/trivium-procura\/84\/943\/a3"]}]}},"_links":{"self":[{"href":"https:\/\/triviumprocura.com\/ca\/wp-json\/wp\/v2\/pages\/2675","targetHints":{"allow":["GET"]}}],"collection":[{"href":"https:\/\/triviumprocura.com\/ca\/wp-json\/wp\/v2\/pages"}],"about":[{"href":"https:\/\/triviumprocura.com\/ca\/wp-json\/wp\/v2\/types\/page"}],"author":[{"embeddable":true,"href":"https:\/\/triviumprocura.com\/ca\/wp-json\/wp\/v2\/users\/2"}],"replies":[{"embeddable":true,"href":"https:\/\/triviumprocura.com\/ca\/wp-json\/wp\/v2\/comments?post=2675"}],"version-history":[{"count":2,"href":"https:\/\/triviumprocura.com\/ca\/wp-json\/wp\/v2\/pages\/2675\/revisions"}],"predecessor-version":[{"id":2676,"href":"https:\/\/triviumprocura.com\/ca\/wp-json\/wp\/v2\/pages\/2675\/revisions\/2676"}],"wp:attachment":[{"href":"https:\/\/triviumprocura.com\/ca\/wp-json\/wp\/v2\/media?parent=2675"}],"curies":[{"name":"wp","href":"https:\/\/api.w.org\/{rel}","templated":true}]}}